{"id":12745,"date":"2020-08-11T21:01:26","date_gmt":"2020-08-11T19:01:26","guid":{"rendered":"https:\/\/cegeglobal.com\/politica-de-privacitat-2\/"},"modified":"2020-08-11T21:03:07","modified_gmt":"2020-08-11T19:03:07","slug":"politica-de-privacitat","status":"publish","type":"page","link":"https:\/\/cegeglobal.com\/ca\/politica-de-privacitat\/","title":{"rendered":"Pol\u00edtica de Privacitat"},"content":{"rendered":"\t\t<div data-elementor-type=\"wp-page\" data-elementor-id=\"12745\" class=\"elementor elementor-12745 elementor-12340\" data-elementor-post-type=\"page\">\n\t\t\t\t\t\t<section class=\"elementor-section elementor-top-section elementor-element elementor-element-9f585ac elementor-section-boxed elementor-section-height-default elementor-section-height-default\" data-id=\"9f585ac\" data-element_type=\"section\" data-settings=\"{&quot;jet_parallax_layout_list&quot;:[{&quot;jet_parallax_layout_image&quot;:{&quot;url&quot;:&quot;&quot;,&quot;id&quot;:&quot;&quot;,&quot;size&quot;:&quot;&quot;},&quot;_id&quot;:&quot;45f6fc8&quot;,&quot;jet_parallax_layout_image_tablet&quot;:{&quot;url&quot;:&quot;&quot;,&quot;id&quot;:&quot;&quot;,&quot;size&quot;:&quot;&quot;},&quot;jet_parallax_layout_image_mobile&quot;:{&quot;url&quot;:&quot;&quot;,&quot;id&quot;:&quot;&quot;,&quot;size&quot;:&quot;&quot;},&quot;jet_parallax_layout_speed&quot;:{&quot;unit&quot;:&quot;%&quot;,&quot;size&quot;:50,&quot;sizes&quot;:[]},&quot;jet_parallax_layout_type&quot;:&quot;scroll&quot;,&quot;jet_parallax_layout_direction&quot;:&quot;1&quot;,&quot;jet_parallax_layout_fx_direction&quot;:null,&quot;jet_parallax_layout_z_index&quot;:&quot;&quot;,&quot;jet_parallax_layout_bg_x&quot;:50,&quot;jet_parallax_layout_bg_y&quot;:50,&quot;jet_parallax_layout_bg_size&quot;:&quot;auto&quot;,&quot;jet_parallax_layout_animation_prop&quot;:&quot;transform&quot;,&quot;jet_parallax_layout_on&quot;:[&quot;desktop&quot;,&quot;tablet&quot;],&quot;jet_parallax_layout_bg_x_tablet&quot;:&quot;&quot;,&quot;jet_parallax_layout_bg_x_mobile&quot;:&quot;&quot;,&quot;jet_parallax_layout_bg_y_tablet&quot;:&quot;&quot;,&quot;jet_parallax_layout_bg_y_mobile&quot;:&quot;&quot;,&quot;jet_parallax_layout_bg_size_tablet&quot;:&quot;&quot;,&quot;jet_parallax_layout_bg_size_mobile&quot;:&quot;&quot;}]}\">\n\t\t\t\t\t\t<div class=\"elementor-container elementor-column-gap-default\">\n\t\t\t\t\t<div class=\"elementor-column elementor-col-100 elementor-top-column elementor-element elementor-element-090f451\" data-id=\"090f451\" data-element_type=\"column\">\n\t\t\t<div class=\"elementor-widget-wrap elementor-element-populated\">\n\t\t\t\t\t\t<div class=\"elementor-element elementor-element-fe11b28 elementor-widget elementor-widget-spacer\" data-id=\"fe11b28\" data-element_type=\"widget\" data-widget_type=\"spacer.default\">\n\t\t\t\t<div class=\"elementor-widget-container\">\n\t\t\t\t\t\t\t<div class=\"elementor-spacer\">\n\t\t\t<div class=\"elementor-spacer-inner\"><\/div>\n\t\t<\/div>\n\t\t\t\t\t\t<\/div>\n\t\t\t\t<\/div>\n\t\t\t\t<div class=\"elementor-element elementor-element-968d950 elementor-widget elementor-widget-heading\" data-id=\"968d950\" data-element_type=\"widget\" data-widget_type=\"heading.default\">\n\t\t\t\t<div class=\"elementor-widget-container\">\n\t\t\t\t\t<h2 class=\"elementor-heading-title elementor-size-default\">Pol\u00edtica de Privacitat<\/h2>\t\t\t\t<\/div>\n\t\t\t\t<\/div>\n\t\t\t\t<div class=\"elementor-element elementor-element-da1243b elementor-widget elementor-widget-spacer\" data-id=\"da1243b\" data-element_type=\"widget\" data-widget_type=\"spacer.default\">\n\t\t\t\t<div class=\"elementor-widget-container\">\n\t\t\t\t\t\t\t<div class=\"elementor-spacer\">\n\t\t\t<div class=\"elementor-spacer-inner\"><\/div>\n\t\t<\/div>\n\t\t\t\t\t\t<\/div>\n\t\t\t\t<\/div>\n\t\t\t\t<div class=\"elementor-element elementor-element-67ff432 elementor-widget elementor-widget-text-editor\" data-id=\"67ff432\" data-element_type=\"widget\" data-widget_type=\"text-editor.default\">\n\t\t\t\t<div class=\"elementor-widget-container\">\n\t\t\t\t\t\t\t\t\t<p style=\"text-align: right;\">\u00daltima modificaci\u00f3n: <strong>29\/07\/2020<\/strong><\/p>\n<p>D&#8217;acord amb la normativa vigent en Protecci\u00f3 de Dades de Car\u00e0cter Personal i, en particular, en aplicaci\u00f3 del Reglament 2016\/679 relatiu a la protecci\u00f3 de les persones f\u00edsiques pel que fa a el tractament de dades personals, l&#8217;informem que les seves dades seran tractades per CEGE Barcelona, c \/ Ciutat d&#8217;Asunci\u00f3, 42 (08030 Barcelona) que actuar\u00e0 en qualitat de responsable del tractament.<\/p>\n<p>La base legal que ens legitima per tractar les seves dades personals \u00e9s el consentiment que ens expressa mitjan\u00e7ant l&#8217;acceptaci\u00f3 d&#8217;aquesta Pol\u00edtica de Privacitat. Recopilarem \u00fanicament dades de contacte b\u00e0siques per poder dur a terme la nostra relaci\u00f3 comercial. Ens referim, per exemple, al seu nom, la seva adre\u00e7a de correu, el seu tel\u00e8fon, etc. Tractarem les seves dades amb l&#8217;\u00fanica finalitat de comunicar-nos amb vost\u00e8 en relaci\u00f3 als nostres productes, serveis, i activitats comercials.   <\/p>\n<p>En general, la seva informaci\u00f3 personal no la compartirem amb ning\u00fa. Per\u00f2 puntualment, ens recolzarem en prove\u00efdors que necessitaran accedir a les seves dades personals per a prestar-nos certs serveis. Ens referim, per exemple, a empreses de <g id=\"gid_0\">mailing<\/g>, allotjament de dades, etc. Vetllarem sempre per obtenir la confirmaci\u00f3 que aquests prove\u00efdors fan un tractament correcte de les seves dades. Mitjan\u00e7ant l&#8217;acceptaci\u00f3 d&#8217;aquesta Pol\u00edtica de privacitat ens autoritza que puguem transferir internacionalment les seves dades personals a alguns d&#8217;aquests prove\u00efdors.    <\/p>\n<p>Reconeixem els seus drets d&#8217;acc\u00e9s, rectificaci\u00f3, supressi\u00f3, limitaci\u00f3 a el tractament, portabilitat i oposici\u00f3 en relaci\u00f3 a les teves dades personals. Pot exercir-los contactant amb nosaltres a <g id=\"gid_0\">info@cege.es<\/g>.  En alguns pa\u00efsos hi ha autoritats p\u00fabliques que vetllen pel compliment del dret a la protecci\u00f3 de dades. Si considera que s&#8217;han vulnerat els seus drets i el seu pa\u00eds reconeix aquesta opci\u00f3, recordi que pot presentar una reclamaci\u00f3 davant d&#8217;elles. En el cas d&#8217;Espanya, l&#8217;Autoritat de control \u00e9s l&#8217;Ag\u00e8ncia Espanyola de Protecci\u00f3 de Dades.  <\/p>\n<p>Un cop hagi finalitzat la seva relaci\u00f3 amb nosaltres, guardarem la seva informaci\u00f3 personal durant els seg\u00fcents 2 anys, degudament bloquejada. Un cop superat aquest per\u00edode l&#8217;eliminarem dels nostres registres. <\/p>\n<p>Les seves dades estan allotjades en un lloc segur. Apliquem mesures t\u00e8cniques i f\u00edsiques per protegir la seva informaci\u00f3. En el cas que pat\u00edssim una bretxa de seguretat i la seva informaci\u00f3 es vei\u00e9s compromesa, ho comunicar\u00edem en un termini inferior a les 72 hores.  <\/p>\n<p>En el cas de modificar aquesta Pol\u00edtica de Privacitat li comunicarem els canvis mitjan\u00e7ant la nostra p\u00e0gina web o un correu electr\u00f2nic.<\/p>\n\t\t\t\t\t\t\t\t<\/div>\n\t\t\t\t<\/div>\n\t\t\t\t<div class=\"elementor-element elementor-element-c17168f elementor-widget elementor-widget-spacer\" data-id=\"c17168f\" data-element_type=\"widget\" data-widget_type=\"spacer.default\">\n\t\t\t\t<div class=\"elementor-widget-container\">\n\t\t\t\t\t\t\t<div class=\"elementor-spacer\">\n\t\t\t<div class=\"elementor-spacer-inner\"><\/div>\n\t\t<\/div>\n\t\t\t\t\t\t<\/div>\n\t\t\t\t<\/div>\n\t\t\t\t\t<\/div>\n\t\t<\/div>\n\t\t\t\t\t<\/div>\n\t\t<\/section>\n\t\t\t\t<\/div>\n\t\t","protected":false},"excerpt":{"rendered":"<p>Pol\u00edtica de Privacitat \u00daltima modificaci\u00f3n: 29\/07\/2020 D&#8217;acord amb la normativa vigent en Protecci\u00f3 de Dades de Car\u00e0cter Personal i, en particular, en aplicaci\u00f3 del Reglament 2016\/679 relatiu a la protecci\u00f3 de les persones f\u00edsiques pel que fa a el tractament de dades personals, l&#8217;informem que les seves dades seran tractades per CEGE Barcelona, c \/ [&hellip;]<\/p>\n","protected":false},"author":3,"featured_media":0,"parent":0,"menu_order":0,"comment_status":"closed","ping_status":"closed","template":"","meta":{"_acf_changed":false,"content-type":"","footnotes":""},"class_list":["post-12745","page","type-page","status-publish","hentry"],"acf":[],"yoast_head":"<!-- This site is optimized with the Yoast SEO plugin v26.8 - https:\/\/yoast.com\/product\/yoast-seo-wordpress\/ -->\n<title>Pol\u00edtica de Privacitat - CeGeGlobal<\/title>\n<meta name=\"robots\" content=\"index, follow, max-snippet:-1, max-image-preview:large, max-video-preview:-1\" \/>\n<link rel=\"canonical\" href=\"https:\/\/cegeglobal.com\/ca\/politica-de-privacitat\/\" \/>\n<meta property=\"og:locale\" content=\"ca_ES\" \/>\n<meta property=\"og:type\" content=\"article\" \/>\n<meta property=\"og:title\" content=\"Pol\u00edtica de Privacitat - CeGeGlobal\" \/>\n<meta property=\"og:description\" content=\"Pol\u00edtica de Privacitat \u00daltima modificaci\u00f3n: 29\/07\/2020 D&#8217;acord amb la normativa vigent en Protecci\u00f3 de Dades de Car\u00e0cter Personal i, en particular, en aplicaci\u00f3 del Reglament 2016\/679 relatiu a la protecci\u00f3 de les persones f\u00edsiques pel que fa a el tractament de dades personals, l&#8217;informem que les seves dades seran tractades per CEGE Barcelona, c \/ [&hellip;]\" \/>\n<meta property=\"og:url\" content=\"https:\/\/cegeglobal.com\/ca\/politica-de-privacitat\/\" \/>\n<meta property=\"og:site_name\" content=\"CeGeGlobal\" \/>\n<meta property=\"article:modified_time\" content=\"2020-08-11T19:03:07+00:00\" \/>\n<meta name=\"twitter:card\" content=\"summary_large_image\" \/>\n<meta name=\"twitter:label1\" content=\"Temps estimat de lectura\" \/>\n\t<meta name=\"twitter:data1\" content=\"2 minuts\" \/>\n<script type=\"application\/ld+json\" class=\"yoast-schema-graph\">{\"@context\":\"https:\/\/schema.org\",\"@graph\":[{\"@type\":\"WebPage\",\"@id\":\"https:\/\/cegeglobal.com\/ca\/politica-de-privacitat\/\",\"url\":\"https:\/\/cegeglobal.com\/ca\/politica-de-privacitat\/\",\"name\":\"Pol\u00edtica de Privacitat - CeGeGlobal\",\"isPartOf\":{\"@id\":\"https:\/\/cegeglobal.com\/ca\/#website\"},\"datePublished\":\"2020-08-11T19:01:26+00:00\",\"dateModified\":\"2020-08-11T19:03:07+00:00\",\"breadcrumb\":{\"@id\":\"https:\/\/cegeglobal.com\/ca\/politica-de-privacitat\/#breadcrumb\"},\"inLanguage\":\"ca\",\"potentialAction\":[{\"@type\":\"ReadAction\",\"target\":[\"https:\/\/cegeglobal.com\/ca\/politica-de-privacitat\/\"]}]},{\"@type\":\"BreadcrumbList\",\"@id\":\"https:\/\/cegeglobal.com\/ca\/politica-de-privacitat\/#breadcrumb\",\"itemListElement\":[{\"@type\":\"ListItem\",\"position\":1,\"name\":\"Home\",\"item\":\"https:\/\/cegeglobal.com\/ca\/\"},{\"@type\":\"ListItem\",\"position\":2,\"name\":\"Pol\u00edtica de Privacitat\"}]},{\"@type\":\"WebSite\",\"@id\":\"https:\/\/cegeglobal.com\/ca\/#website\",\"url\":\"https:\/\/cegeglobal.com\/ca\/\",\"name\":\"CeGeGlobal\",\"description\":\"Soluciones integrales para departamentos de marketing y ventas\",\"publisher\":{\"@id\":\"https:\/\/cegeglobal.com\/ca\/#organization\"},\"potentialAction\":[{\"@type\":\"SearchAction\",\"target\":{\"@type\":\"EntryPoint\",\"urlTemplate\":\"https:\/\/cegeglobal.com\/ca\/?s={search_term_string}\"},\"query-input\":{\"@type\":\"PropertyValueSpecification\",\"valueRequired\":true,\"valueName\":\"search_term_string\"}}],\"inLanguage\":\"ca\"},{\"@type\":\"Organization\",\"@id\":\"https:\/\/cegeglobal.com\/ca\/#organization\",\"name\":\"CeGeGlobal\",\"url\":\"https:\/\/cegeglobal.com\/ca\/\",\"logo\":{\"@type\":\"ImageObject\",\"inLanguage\":\"ca\",\"@id\":\"https:\/\/cegeglobal.com\/ca\/#\/schema\/logo\/image\/\",\"url\":\"https:\/\/cegeglobal.com\/wp-content\/uploads\/2020\/01\/logo_CeGe-1.svg\",\"contentUrl\":\"https:\/\/cegeglobal.com\/wp-content\/uploads\/2020\/01\/logo_CeGe-1.svg\",\"width\":285.86,\"height\":77.69,\"caption\":\"CeGeGlobal\"},\"image\":{\"@id\":\"https:\/\/cegeglobal.com\/ca\/#\/schema\/logo\/image\/\"}}]}<\/script>\n<!-- \/ Yoast SEO plugin. -->","yoast_head_json":{"title":"Pol\u00edtica de Privacitat - CeGeGlobal","robots":{"index":"index","follow":"follow","max-snippet":"max-snippet:-1","max-image-preview":"max-image-preview:large","max-video-preview":"max-video-preview:-1"},"canonical":"https:\/\/cegeglobal.com\/ca\/politica-de-privacitat\/","og_locale":"ca_ES","og_type":"article","og_title":"Pol\u00edtica de Privacitat - CeGeGlobal","og_description":"Pol\u00edtica de Privacitat \u00daltima modificaci\u00f3n: 29\/07\/2020 D&#8217;acord amb la normativa vigent en Protecci\u00f3 de Dades de Car\u00e0cter Personal i, en particular, en aplicaci\u00f3 del Reglament 2016\/679 relatiu a la protecci\u00f3 de les persones f\u00edsiques pel que fa a el tractament de dades personals, l&#8217;informem que les seves dades seran tractades per CEGE Barcelona, c \/ [&hellip;]","og_url":"https:\/\/cegeglobal.com\/ca\/politica-de-privacitat\/","og_site_name":"CeGeGlobal","article_modified_time":"2020-08-11T19:03:07+00:00","twitter_card":"summary_large_image","twitter_misc":{"Temps estimat de lectura":"2 minuts"},"schema":{"@context":"https:\/\/schema.org","@graph":[{"@type":"WebPage","@id":"https:\/\/cegeglobal.com\/ca\/politica-de-privacitat\/","url":"https:\/\/cegeglobal.com\/ca\/politica-de-privacitat\/","name":"Pol\u00edtica de Privacitat - CeGeGlobal","isPartOf":{"@id":"https:\/\/cegeglobal.com\/ca\/#website"},"datePublished":"2020-08-11T19:01:26+00:00","dateModified":"2020-08-11T19:03:07+00:00","breadcrumb":{"@id":"https:\/\/cegeglobal.com\/ca\/politica-de-privacitat\/#breadcrumb"},"inLanguage":"ca","potentialAction":[{"@type":"ReadAction","target":["https:\/\/cegeglobal.com\/ca\/politica-de-privacitat\/"]}]},{"@type":"BreadcrumbList","@id":"https:\/\/cegeglobal.com\/ca\/politica-de-privacitat\/#breadcrumb","itemListElement":[{"@type":"ListItem","position":1,"name":"Home","item":"https:\/\/cegeglobal.com\/ca\/"},{"@type":"ListItem","position":2,"name":"Pol\u00edtica de Privacitat"}]},{"@type":"WebSite","@id":"https:\/\/cegeglobal.com\/ca\/#website","url":"https:\/\/cegeglobal.com\/ca\/","name":"CeGeGlobal","description":"Soluciones integrales para departamentos de marketing y ventas","publisher":{"@id":"https:\/\/cegeglobal.com\/ca\/#organization"},"potentialAction":[{"@type":"SearchAction","target":{"@type":"EntryPoint","urlTemplate":"https:\/\/cegeglobal.com\/ca\/?s={search_term_string}"},"query-input":{"@type":"PropertyValueSpecification","valueRequired":true,"valueName":"search_term_string"}}],"inLanguage":"ca"},{"@type":"Organization","@id":"https:\/\/cegeglobal.com\/ca\/#organization","name":"CeGeGlobal","url":"https:\/\/cegeglobal.com\/ca\/","logo":{"@type":"ImageObject","inLanguage":"ca","@id":"https:\/\/cegeglobal.com\/ca\/#\/schema\/logo\/image\/","url":"https:\/\/cegeglobal.com\/wp-content\/uploads\/2020\/01\/logo_CeGe-1.svg","contentUrl":"https:\/\/cegeglobal.com\/wp-content\/uploads\/2020\/01\/logo_CeGe-1.svg","width":285.86,"height":77.69,"caption":"CeGeGlobal"},"image":{"@id":"https:\/\/cegeglobal.com\/ca\/#\/schema\/logo\/image\/"}}]}},"_links":{"self":[{"href":"https:\/\/cegeglobal.com\/ca\/wp-json\/wp\/v2\/pages\/12745","targetHints":{"allow":["GET"]}}],"collection":[{"href":"https:\/\/cegeglobal.com\/ca\/wp-json\/wp\/v2\/pages"}],"about":[{"href":"https:\/\/cegeglobal.com\/ca\/wp-json\/wp\/v2\/types\/page"}],"author":[{"embeddable":true,"href":"https:\/\/cegeglobal.com\/ca\/wp-json\/wp\/v2\/users\/3"}],"replies":[{"embeddable":true,"href":"https:\/\/cegeglobal.com\/ca\/wp-json\/wp\/v2\/comments?post=12745"}],"version-history":[{"count":0,"href":"https:\/\/cegeglobal.com\/ca\/wp-json\/wp\/v2\/pages\/12745\/revisions"}],"wp:attachment":[{"href":"https:\/\/cegeglobal.com\/ca\/wp-json\/wp\/v2\/media?parent=12745"}],"curies":[{"name":"wp","href":"https:\/\/api.w.org\/{rel}","templated":true}]}}