{"id":4693,"date":"2020-05-05T17:10:58","date_gmt":"2020-05-05T17:10:58","guid":{"rendered":"https:\/\/cegeglobal.com\/avis-legal\/"},"modified":"2023-01-30T11:01:48","modified_gmt":"2023-01-30T10:01:48","slug":"avis-legal","status":"publish","type":"page","link":"https:\/\/cegeglobal.com\/ca\/avis-legal\/","title":{"rendered":"Av\u00eds Legal"},"content":{"rendered":"\t\t<div data-elementor-type=\"wp-page\" data-elementor-id=\"4693\" class=\"elementor elementor-4693 elementor-807\" data-elementor-post-type=\"page\">\n\t\t\t\t\t\t<section class=\"elementor-section elementor-top-section elementor-element elementor-element-c444458 elementor-section-height-min-height elementor-section-boxed elementor-section-height-default elementor-section-items-middle\" data-id=\"c444458\" data-element_type=\"section\" data-settings=\"{&quot;jet_parallax_layout_list&quot;:[{&quot;jet_parallax_layout_image&quot;:{&quot;url&quot;:&quot;&quot;,&quot;id&quot;:&quot;&quot;,&quot;size&quot;:&quot;&quot;},&quot;_id&quot;:&quot;d03af59&quot;,&quot;jet_parallax_layout_image_tablet&quot;:{&quot;url&quot;:&quot;&quot;,&quot;id&quot;:&quot;&quot;,&quot;size&quot;:&quot;&quot;},&quot;jet_parallax_layout_image_mobile&quot;:{&quot;url&quot;:&quot;&quot;,&quot;id&quot;:&quot;&quot;,&quot;size&quot;:&quot;&quot;},&quot;jet_parallax_layout_speed&quot;:{&quot;unit&quot;:&quot;%&quot;,&quot;size&quot;:50,&quot;sizes&quot;:[]},&quot;jet_parallax_layout_type&quot;:&quot;scroll&quot;,&quot;jet_parallax_layout_direction&quot;:&quot;1&quot;,&quot;jet_parallax_layout_fx_direction&quot;:null,&quot;jet_parallax_layout_z_index&quot;:&quot;&quot;,&quot;jet_parallax_layout_bg_x&quot;:50,&quot;jet_parallax_layout_bg_x_tablet&quot;:&quot;&quot;,&quot;jet_parallax_layout_bg_x_mobile&quot;:&quot;&quot;,&quot;jet_parallax_layout_bg_y&quot;:50,&quot;jet_parallax_layout_bg_y_tablet&quot;:&quot;&quot;,&quot;jet_parallax_layout_bg_y_mobile&quot;:&quot;&quot;,&quot;jet_parallax_layout_bg_size&quot;:&quot;auto&quot;,&quot;jet_parallax_layout_bg_size_tablet&quot;:&quot;&quot;,&quot;jet_parallax_layout_bg_size_mobile&quot;:&quot;&quot;,&quot;jet_parallax_layout_animation_prop&quot;:&quot;transform&quot;,&quot;jet_parallax_layout_on&quot;:[&quot;desktop&quot;,&quot;tablet&quot;]}],&quot;background_background&quot;:&quot;classic&quot;}\">\n\t\t\t\t\t\t<div class=\"elementor-container elementor-column-gap-no\">\n\t\t\t\t\t<div class=\"elementor-column elementor-col-100 elementor-top-column elementor-element elementor-element-698fba3\" data-id=\"698fba3\" data-element_type=\"column\">\n\t\t\t<div class=\"elementor-widget-wrap\">\n\t\t\t\t\t\t\t<\/div>\n\t\t<\/div>\n\t\t\t\t\t<\/div>\n\t\t<\/section>\n\t\t\t\t<section class=\"elementor-section elementor-top-section elementor-element elementor-element-e27c85b elementor-section-boxed elementor-section-height-default elementor-section-height-default\" data-id=\"e27c85b\" data-element_type=\"section\" data-settings=\"{&quot;jet_parallax_layout_list&quot;:[{&quot;jet_parallax_layout_image&quot;:{&quot;url&quot;:&quot;&quot;,&quot;id&quot;:&quot;&quot;,&quot;size&quot;:&quot;&quot;},&quot;_id&quot;:&quot;4a7c775&quot;,&quot;jet_parallax_layout_image_tablet&quot;:{&quot;url&quot;:&quot;&quot;,&quot;id&quot;:&quot;&quot;,&quot;size&quot;:&quot;&quot;},&quot;jet_parallax_layout_image_mobile&quot;:{&quot;url&quot;:&quot;&quot;,&quot;id&quot;:&quot;&quot;,&quot;size&quot;:&quot;&quot;},&quot;jet_parallax_layout_speed&quot;:{&quot;unit&quot;:&quot;%&quot;,&quot;size&quot;:50,&quot;sizes&quot;:[]},&quot;jet_parallax_layout_type&quot;:&quot;scroll&quot;,&quot;jet_parallax_layout_direction&quot;:&quot;1&quot;,&quot;jet_parallax_layout_fx_direction&quot;:null,&quot;jet_parallax_layout_z_index&quot;:&quot;&quot;,&quot;jet_parallax_layout_bg_x&quot;:50,&quot;jet_parallax_layout_bg_x_tablet&quot;:&quot;&quot;,&quot;jet_parallax_layout_bg_x_mobile&quot;:&quot;&quot;,&quot;jet_parallax_layout_bg_y&quot;:50,&quot;jet_parallax_layout_bg_y_tablet&quot;:&quot;&quot;,&quot;jet_parallax_layout_bg_y_mobile&quot;:&quot;&quot;,&quot;jet_parallax_layout_bg_size&quot;:&quot;auto&quot;,&quot;jet_parallax_layout_bg_size_tablet&quot;:&quot;&quot;,&quot;jet_parallax_layout_bg_size_mobile&quot;:&quot;&quot;,&quot;jet_parallax_layout_animation_prop&quot;:&quot;transform&quot;,&quot;jet_parallax_layout_on&quot;:[&quot;desktop&quot;,&quot;tablet&quot;]}]}\">\n\t\t\t\t\t\t<div class=\"elementor-container elementor-column-gap-default\">\n\t\t\t\t\t<div class=\"elementor-column elementor-col-100 elementor-top-column elementor-element elementor-element-ba15f91\" data-id=\"ba15f91\" data-element_type=\"column\">\n\t\t\t<div class=\"elementor-widget-wrap elementor-element-populated\">\n\t\t\t\t\t\t<div class=\"elementor-element elementor-element-1da5af1 elementor-widget elementor-widget-text-editor\" data-id=\"1da5af1\" data-element_type=\"widget\" data-widget_type=\"text-editor.default\">\n\t\t\t\t<div class=\"elementor-widget-container\">\n\t\t\t\t\t\t\t\t\t<h1>Av\u00eds Legal<\/h1>\n\t\t\t\t\t\t\t\t<\/div>\n\t\t\t\t<\/div>\n\t\t\t\t<div class=\"elementor-element elementor-element-46dd5f7 elementor-widget elementor-widget-spacer\" data-id=\"46dd5f7\" data-element_type=\"widget\" data-widget_type=\"spacer.default\">\n\t\t\t\t<div class=\"elementor-widget-container\">\n\t\t\t\t\t\t\t<div class=\"elementor-spacer\">\n\t\t\t<div class=\"elementor-spacer-inner\"><\/div>\n\t\t<\/div>\n\t\t\t\t\t\t<\/div>\n\t\t\t\t<\/div>\n\t\t\t\t<div class=\"elementor-element elementor-element-1957b95 elementor-widget elementor-widget-text-editor\" data-id=\"1957b95\" data-element_type=\"widget\" data-widget_type=\"text-editor.default\">\n\t\t\t\t<div class=\"elementor-widget-container\">\n\t\t\t\t\t\t\t\t\t<p><strong> <\/strong><strong>CeGe<\/strong> \u00e9s la propiet\u00e0ria i gestora de la web. Podeu contactar amb nosaltres enviant un correu electr\u00f2nic a info@cegeglobal.com. <\/p>\n<p><strong>CeGe<\/strong> us informa que si navegueu pel <strong>web cegeglobal.com<\/strong> adquiriu des del primer moment la condici\u00f3 d&#8217;usuari, i haureu d&#8217;usar aquest web de conformitat amb la normativa aplicable de Serveis de la Societat de la Informaci\u00f3 i de Comer\u00e7 Electr\u00f2nic (Llei 34\/2002 LSSI-CE).<\/p>\n<p>Per poder contactar a trav\u00e9s d&#8217;aquest web, l&#8217;usuari accepta expressament i \u00edntegrament les Condicions d&#8217;\u00fas seg\u00fcents i la <a href=\"https:\/\/cegeglobal.com\/ca\/politica-de-privacitat\/\">pol\u00edtica de privacitat<\/a> i de <a href=\"https:\/\/cegeglobal.com\/declaracion-de-cookies\/\">cookies<\/a> en relaci\u00f3 amb la finalitat del tractament de les dades que decidiu facilitar-nos.<\/p>\n\t\t\t\t\t\t\t\t<\/div>\n\t\t\t\t<\/div>\n\t\t\t\t<div class=\"elementor-element elementor-element-5cbd78a elementor-widget elementor-widget-spacer\" data-id=\"5cbd78a\" data-element_type=\"widget\" data-widget_type=\"spacer.default\">\n\t\t\t\t<div class=\"elementor-widget-container\">\n\t\t\t\t\t\t\t<div class=\"elementor-spacer\">\n\t\t\t<div class=\"elementor-spacer-inner\"><\/div>\n\t\t<\/div>\n\t\t\t\t\t\t<\/div>\n\t\t\t\t<\/div>\n\t\t\t\t<div class=\"elementor-element elementor-element-a7d92fe elementor-widget elementor-widget-text-editor\" data-id=\"a7d92fe\" data-element_type=\"widget\" data-widget_type=\"text-editor.default\">\n\t\t\t\t<div class=\"elementor-widget-container\">\n\t\t\t\t\t\t\t\t\t<h2>Condicions d&#8217;\u00fas<\/h2>\n<p>L&#8217;acc\u00e9s i \u00fas de la p\u00e0gina web <strong>cegeglobal.com<\/strong> es regiran i quedaran subjectes a les presents condicions generals. Aix\u00ed, l&#8217;acc\u00e9s i l&#8217;\u00fas de la p\u00e0gina web <strong>cegeglobal.com<\/strong> implica l&#8217;acceptaci\u00f3 plena i sense reserves de les presents &#8220;Condicions generals&#8221; i al conjunt de lleis aplicables, per la qual cosa l&#8217;usuari ha de llegir-les detingudament. <\/p>\n<p>Les p\u00e0gines i els continguts poden contenir errors, inexactituds o omissions. En aquest cas us preguem que ens ho comuniqueu el m\u00e9s aviat possible per procedir a la modificaci\u00f3 pertinent. <\/p>\n\t\t\t\t\t\t\t\t<\/div>\n\t\t\t\t<\/div>\n\t\t\t\t<div class=\"elementor-element elementor-element-0b9d18a elementor-widget elementor-widget-text-editor\" data-id=\"0b9d18a\" data-element_type=\"widget\" data-widget_type=\"text-editor.default\">\n\t\t\t\t<div class=\"elementor-widget-container\">\n\t\t\t\t\t\t\t\t\t<h3>Condicions generals<\/h3>\n<ol>\n<li>1- <strong>CeGe<\/strong> ofereix a la seva p\u00e0gina web informaci\u00f3 relacionada amb el tipus d&#8217;activitat, els productes i els serveis que comercialitza.<\/li>\n<li><strong>CeGe<\/strong> es reserva el dret de modificar, actualitzar o eliminar en qualsevol moment l&#8217;acc\u00e9s al lloc web, aix\u00ed com les Condicions Generals, sense av\u00eds previ. Aquestes modificacions i actualitzacions afecten l&#8217;usuari en el sentit que heu d&#8217;acudir a aquesta secci\u00f3 per verificar les Condicions Generals en vigor. <\/li>\n<li>Les fotografies, textos, dissenys, signes identificatius, imatges, seq\u00fc\u00e8ncies animades sonores o no, v\u00eddeos, aix\u00ed com totes les obres integrades a la p\u00e0gina web s\u00f3n propietat de <strong>CeGe<\/strong> o de tercers que han autoritzat CeGe per utilitzar-los.<\/li>\n<li><strong>CeGe<\/strong>us autoritza a descarregar els continguts, copiar o imprimir qualsevol p\u00e0gina d&#8217;aquesta Web, per\u00f2 exclusivament per a un \u00fas personal o que exclogui tot \u00fas amb finalitats publicit\u00e0ries i\/o comercials, o aquells usos que no es contemplin dins dels usos autoritzats als articles 31 a 40bis del Text Ref\u00f3s de la Llei de Propietat Intel\u00b7lectual (R.D. Leg. 1\/1996). Sempre que amb aix\u00f2 no infringeixi el copyright o qualsevol altre dret de propietat de <strong>CeGe<\/strong>, ni canvi\u00ef, modifiqui, o suprimeixi qualsevol informaci\u00f3, contingut, o els seus advertiments. La c\u00f2pia d&#8217;informaci\u00f3 no s&#8217;ha d&#8217;entendre com una autoritzaci\u00f3 per transferir a l\u00b4usuari o qualsevol persona els drets de propietat de <strong>CeGe.<\/strong>  <\/li>\n<li>L&#8217;usuari no podr\u00e0, en cap cas, modificar o suprimir les dades identificatives que puguin existir dels drets de <strong>CeGe<\/strong> o de tercers sobre els continguts. \u00danicament, l&#8217;usuari podr\u00e0 accedir als continguts mitjan\u00e7ant els mitjans o procediments que s&#8217;hagin posat en disposici\u00f3 a aquest efecte a la p\u00e0gina web o s&#8217;utilitzin habitualment a Internet amb aquesta finalitat, sempre que no impliquin violaci\u00f3 de drets de propietat intel\u00b7lectual o algun tipus de dany per a la p\u00e0gina web <strong>cegeglobal.com<\/strong> i\/o la vostra informaci\u00f3 i serveis oferts.  <\/li>\n<li>L&#8217;usuari es compromet a utilitzar les informacions i els serveis de la p\u00e0gina web <strong>cegeglobal.com<\/strong> de conformitat amb la llei, aquestes condicions generals, la moral, els bons costums i l&#8217;ordre p\u00fablic. I a fer un \u00fas correcte i l\u00edcit dels serveis i continguts. <\/li>\n<li><strong>CeGe<\/strong> no assumeix cap responsabilitat per la informaci\u00f3 continguda en p\u00e0gines web de tercers a les quals es pugui accedir per enlla\u00e7os (links). La pres\u00e8ncia d\u2019enlla\u00e7os a la p\u00e0gina web tenen finalitat merament informativa. Si decidiu visitar algun lloc mitjan\u00e7ant enlla\u00e7, ho fareu exclusivament sota el vostre propi risc, i \u00e9s la vostra responsabilitat prendre totes les mesures de protecci\u00f3 contra virus o altres elements destructius.  <\/li>\n<li>Tots els comentaris, informacions suggeriments i\/o idees que es rebin per mitj\u00e0 d&#8217;aquesta p\u00e0gina, es consideraran cedides gratu\u00eftament a <strong>CeGe<\/strong>. Us preguem que no envieu informaci\u00f3 que no pugui ser tractada d&#8217;aquesta manera. <\/li>\n<\/ol>\n\t\t\t\t\t\t\t\t<\/div>\n\t\t\t\t<\/div>\n\t\t\t\t<div class=\"elementor-element elementor-element-a2f467e elementor-widget elementor-widget-spacer\" data-id=\"a2f467e\" data-element_type=\"widget\" data-widget_type=\"spacer.default\">\n\t\t\t\t<div class=\"elementor-widget-container\">\n\t\t\t\t\t\t\t<div class=\"elementor-spacer\">\n\t\t\t<div class=\"elementor-spacer-inner\"><\/div>\n\t\t<\/div>\n\t\t\t\t\t\t<\/div>\n\t\t\t\t<\/div>\n\t\t\t\t<div class=\"elementor-element elementor-element-d9dd4fd elementor-widget elementor-widget-text-editor\" data-id=\"d9dd4fd\" data-element_type=\"widget\" data-widget_type=\"text-editor.default\">\n\t\t\t\t<div class=\"elementor-widget-container\">\n\t\t\t\t\t\t\t\t\t<h3>Legislaci\u00f3 aplicable i jurisdicci\u00f3<\/h3>\n<p>Les parts acorden expressament que aquest contracte es regir\u00e0 i ser\u00e0 interpretat, en tots els seus termes i condicions, d&#8217;acord amb la legislaci\u00f3 espanyola vigent.<\/p>\n\t\t\t\t\t\t\t\t<\/div>\n\t\t\t\t<\/div>\n\t\t\t\t<div class=\"elementor-element elementor-element-6facb3f elementor-widget elementor-widget-spacer\" data-id=\"6facb3f\" data-element_type=\"widget\" data-widget_type=\"spacer.default\">\n\t\t\t\t<div class=\"elementor-widget-container\">\n\t\t\t\t\t\t\t<div class=\"elementor-spacer\">\n\t\t\t<div class=\"elementor-spacer-inner\"><\/div>\n\t\t<\/div>\n\t\t\t\t\t\t<\/div>\n\t\t\t\t<\/div>\n\t\t\t\t\t<\/div>\n\t\t<\/div>\n\t\t\t\t\t<\/div>\n\t\t<\/section>\n\t\t\t\t<section class=\"elementor-section elementor-top-section elementor-element elementor-element-d57ac9f elementor-section-height-min-height elementor-section-boxed elementor-section-height-default elementor-section-items-middle\" data-id=\"d57ac9f\" data-element_type=\"section\" data-settings=\"{&quot;jet_parallax_layout_list&quot;:[{&quot;jet_parallax_layout_image&quot;:{&quot;url&quot;:&quot;&quot;,&quot;id&quot;:&quot;&quot;,&quot;size&quot;:&quot;&quot;},&quot;_id&quot;:&quot;d03af59&quot;,&quot;jet_parallax_layout_image_tablet&quot;:{&quot;url&quot;:&quot;&quot;,&quot;id&quot;:&quot;&quot;,&quot;size&quot;:&quot;&quot;},&quot;jet_parallax_layout_image_mobile&quot;:{&quot;url&quot;:&quot;&quot;,&quot;id&quot;:&quot;&quot;,&quot;size&quot;:&quot;&quot;},&quot;jet_parallax_layout_speed&quot;:{&quot;unit&quot;:&quot;%&quot;,&quot;size&quot;:50,&quot;sizes&quot;:[]},&quot;jet_parallax_layout_type&quot;:&quot;scroll&quot;,&quot;jet_parallax_layout_direction&quot;:&quot;1&quot;,&quot;jet_parallax_layout_fx_direction&quot;:null,&quot;jet_parallax_layout_z_index&quot;:&quot;&quot;,&quot;jet_parallax_layout_bg_x&quot;:50,&quot;jet_parallax_layout_bg_x_tablet&quot;:&quot;&quot;,&quot;jet_parallax_layout_bg_x_mobile&quot;:&quot;&quot;,&quot;jet_parallax_layout_bg_y&quot;:50,&quot;jet_parallax_layout_bg_y_tablet&quot;:&quot;&quot;,&quot;jet_parallax_layout_bg_y_mobile&quot;:&quot;&quot;,&quot;jet_parallax_layout_bg_size&quot;:&quot;auto&quot;,&quot;jet_parallax_layout_bg_size_tablet&quot;:&quot;&quot;,&quot;jet_parallax_layout_bg_size_mobile&quot;:&quot;&quot;,&quot;jet_parallax_layout_animation_prop&quot;:&quot;transform&quot;,&quot;jet_parallax_layout_on&quot;:[&quot;desktop&quot;,&quot;tablet&quot;]}],&quot;background_background&quot;:&quot;classic&quot;}\">\n\t\t\t\t\t\t<div class=\"elementor-container elementor-column-gap-no\">\n\t\t\t\t\t<div class=\"elementor-column elementor-col-100 elementor-top-column elementor-element elementor-element-5a47f11\" data-id=\"5a47f11\" data-element_type=\"column\">\n\t\t\t<div class=\"elementor-widget-wrap\">\n\t\t\t\t\t\t\t<\/div>\n\t\t<\/div>\n\t\t\t\t\t<\/div>\n\t\t<\/section>\n\t\t\t\t<\/div>\n\t\t","protected":false},"excerpt":{"rendered":"<p>Av\u00eds Legal CeGe \u00e9s la propiet\u00e0ria i gestora de la web. Podeu contactar amb nosaltres enviant un correu electr\u00f2nic a info@cegeglobal.com. CeGe us informa que si navegueu pel web cegeglobal.com adquiriu des del primer moment la condici\u00f3 d&#8217;usuari, i haureu d&#8217;usar aquest web de conformitat amb la normativa aplicable de Serveis de la Societat de [&hellip;]<\/p>\n","protected":false},"author":1,"featured_media":0,"parent":0,"menu_order":0,"comment_status":"closed","ping_status":"closed","template":"elementor_header_footer","meta":{"_acf_changed":false,"content-type":"","footnotes":""},"class_list":["post-4693","page","type-page","status-publish","hentry"],"acf":[],"yoast_head":"<!-- This site is optimized with the Yoast SEO plugin v26.8 - https:\/\/yoast.com\/product\/yoast-seo-wordpress\/ -->\n<title>Av\u00eds Legal - CeGeGlobal<\/title>\n<meta name=\"robots\" content=\"index, follow, max-snippet:-1, max-image-preview:large, max-video-preview:-1\" \/>\n<link rel=\"canonical\" href=\"https:\/\/cegeglobal.com\/ca\/avis-legal\/\" \/>\n<meta property=\"og:locale\" content=\"ca_ES\" \/>\n<meta property=\"og:type\" content=\"article\" \/>\n<meta property=\"og:title\" content=\"Av\u00eds Legal - CeGeGlobal\" \/>\n<meta property=\"og:description\" content=\"Av\u00eds Legal CeGe \u00e9s la propiet\u00e0ria i gestora de la web. Podeu contactar amb nosaltres enviant un correu electr\u00f2nic a info@cegeglobal.com. CeGe us informa que si navegueu pel web cegeglobal.com adquiriu des del primer moment la condici\u00f3 d&#8217;usuari, i haureu d&#8217;usar aquest web de conformitat amb la normativa aplicable de Serveis de la Societat de [&hellip;]\" \/>\n<meta property=\"og:url\" content=\"https:\/\/cegeglobal.com\/ca\/avis-legal\/\" \/>\n<meta property=\"og:site_name\" content=\"CeGeGlobal\" \/>\n<meta property=\"article:modified_time\" content=\"2023-01-30T10:01:48+00:00\" \/>\n<meta name=\"twitter:card\" content=\"summary_large_image\" \/>\n<meta name=\"twitter:label1\" content=\"Temps estimat de lectura\" \/>\n\t<meta name=\"twitter:data1\" content=\"4 minuts\" \/>\n<script type=\"application\/ld+json\" class=\"yoast-schema-graph\">{\"@context\":\"https:\/\/schema.org\",\"@graph\":[{\"@type\":\"WebPage\",\"@id\":\"https:\/\/cegeglobal.com\/ca\/avis-legal\/\",\"url\":\"https:\/\/cegeglobal.com\/ca\/avis-legal\/\",\"name\":\"Av\u00eds Legal - CeGeGlobal\",\"isPartOf\":{\"@id\":\"https:\/\/cegeglobal.com\/ca\/#website\"},\"datePublished\":\"2020-05-05T17:10:58+00:00\",\"dateModified\":\"2023-01-30T10:01:48+00:00\",\"breadcrumb\":{\"@id\":\"https:\/\/cegeglobal.com\/ca\/avis-legal\/#breadcrumb\"},\"inLanguage\":\"ca\",\"potentialAction\":[{\"@type\":\"ReadAction\",\"target\":[\"https:\/\/cegeglobal.com\/ca\/avis-legal\/\"]}]},{\"@type\":\"BreadcrumbList\",\"@id\":\"https:\/\/cegeglobal.com\/ca\/avis-legal\/#breadcrumb\",\"itemListElement\":[{\"@type\":\"ListItem\",\"position\":1,\"name\":\"Home\",\"item\":\"https:\/\/cegeglobal.com\/ca\/\"},{\"@type\":\"ListItem\",\"position\":2,\"name\":\"Av\u00eds Legal\"}]},{\"@type\":\"WebSite\",\"@id\":\"https:\/\/cegeglobal.com\/ca\/#website\",\"url\":\"https:\/\/cegeglobal.com\/ca\/\",\"name\":\"CeGeGlobal\",\"description\":\"Soluciones integrales para departamentos de marketing y ventas\",\"publisher\":{\"@id\":\"https:\/\/cegeglobal.com\/ca\/#organization\"},\"potentialAction\":[{\"@type\":\"SearchAction\",\"target\":{\"@type\":\"EntryPoint\",\"urlTemplate\":\"https:\/\/cegeglobal.com\/ca\/?s={search_term_string}\"},\"query-input\":{\"@type\":\"PropertyValueSpecification\",\"valueRequired\":true,\"valueName\":\"search_term_string\"}}],\"inLanguage\":\"ca\"},{\"@type\":\"Organization\",\"@id\":\"https:\/\/cegeglobal.com\/ca\/#organization\",\"name\":\"CeGeGlobal\",\"url\":\"https:\/\/cegeglobal.com\/ca\/\",\"logo\":{\"@type\":\"ImageObject\",\"inLanguage\":\"ca\",\"@id\":\"https:\/\/cegeglobal.com\/ca\/#\/schema\/logo\/image\/\",\"url\":\"https:\/\/cegeglobal.com\/wp-content\/uploads\/2020\/01\/logo_CeGe-1.svg\",\"contentUrl\":\"https:\/\/cegeglobal.com\/wp-content\/uploads\/2020\/01\/logo_CeGe-1.svg\",\"width\":285.86,\"height\":77.69,\"caption\":\"CeGeGlobal\"},\"image\":{\"@id\":\"https:\/\/cegeglobal.com\/ca\/#\/schema\/logo\/image\/\"}}]}<\/script>\n<!-- \/ Yoast SEO plugin. -->","yoast_head_json":{"title":"Av\u00eds Legal - CeGeGlobal","robots":{"index":"index","follow":"follow","max-snippet":"max-snippet:-1","max-image-preview":"max-image-preview:large","max-video-preview":"max-video-preview:-1"},"canonical":"https:\/\/cegeglobal.com\/ca\/avis-legal\/","og_locale":"ca_ES","og_type":"article","og_title":"Av\u00eds Legal - CeGeGlobal","og_description":"Av\u00eds Legal CeGe \u00e9s la propiet\u00e0ria i gestora de la web. Podeu contactar amb nosaltres enviant un correu electr\u00f2nic a info@cegeglobal.com. CeGe us informa que si navegueu pel web cegeglobal.com adquiriu des del primer moment la condici\u00f3 d&#8217;usuari, i haureu d&#8217;usar aquest web de conformitat amb la normativa aplicable de Serveis de la Societat de [&hellip;]","og_url":"https:\/\/cegeglobal.com\/ca\/avis-legal\/","og_site_name":"CeGeGlobal","article_modified_time":"2023-01-30T10:01:48+00:00","twitter_card":"summary_large_image","twitter_misc":{"Temps estimat de lectura":"4 minuts"},"schema":{"@context":"https:\/\/schema.org","@graph":[{"@type":"WebPage","@id":"https:\/\/cegeglobal.com\/ca\/avis-legal\/","url":"https:\/\/cegeglobal.com\/ca\/avis-legal\/","name":"Av\u00eds Legal - CeGeGlobal","isPartOf":{"@id":"https:\/\/cegeglobal.com\/ca\/#website"},"datePublished":"2020-05-05T17:10:58+00:00","dateModified":"2023-01-30T10:01:48+00:00","breadcrumb":{"@id":"https:\/\/cegeglobal.com\/ca\/avis-legal\/#breadcrumb"},"inLanguage":"ca","potentialAction":[{"@type":"ReadAction","target":["https:\/\/cegeglobal.com\/ca\/avis-legal\/"]}]},{"@type":"BreadcrumbList","@id":"https:\/\/cegeglobal.com\/ca\/avis-legal\/#breadcrumb","itemListElement":[{"@type":"ListItem","position":1,"name":"Home","item":"https:\/\/cegeglobal.com\/ca\/"},{"@type":"ListItem","position":2,"name":"Av\u00eds Legal"}]},{"@type":"WebSite","@id":"https:\/\/cegeglobal.com\/ca\/#website","url":"https:\/\/cegeglobal.com\/ca\/","name":"CeGeGlobal","description":"Soluciones integrales para departamentos de marketing y ventas","publisher":{"@id":"https:\/\/cegeglobal.com\/ca\/#organization"},"potentialAction":[{"@type":"SearchAction","target":{"@type":"EntryPoint","urlTemplate":"https:\/\/cegeglobal.com\/ca\/?s={search_term_string}"},"query-input":{"@type":"PropertyValueSpecification","valueRequired":true,"valueName":"search_term_string"}}],"inLanguage":"ca"},{"@type":"Organization","@id":"https:\/\/cegeglobal.com\/ca\/#organization","name":"CeGeGlobal","url":"https:\/\/cegeglobal.com\/ca\/","logo":{"@type":"ImageObject","inLanguage":"ca","@id":"https:\/\/cegeglobal.com\/ca\/#\/schema\/logo\/image\/","url":"https:\/\/cegeglobal.com\/wp-content\/uploads\/2020\/01\/logo_CeGe-1.svg","contentUrl":"https:\/\/cegeglobal.com\/wp-content\/uploads\/2020\/01\/logo_CeGe-1.svg","width":285.86,"height":77.69,"caption":"CeGeGlobal"},"image":{"@id":"https:\/\/cegeglobal.com\/ca\/#\/schema\/logo\/image\/"}}]}},"_links":{"self":[{"href":"https:\/\/cegeglobal.com\/ca\/wp-json\/wp\/v2\/pages\/4693","targetHints":{"allow":["GET"]}}],"collection":[{"href":"https:\/\/cegeglobal.com\/ca\/wp-json\/wp\/v2\/pages"}],"about":[{"href":"https:\/\/cegeglobal.com\/ca\/wp-json\/wp\/v2\/types\/page"}],"author":[{"embeddable":true,"href":"https:\/\/cegeglobal.com\/ca\/wp-json\/wp\/v2\/users\/1"}],"replies":[{"embeddable":true,"href":"https:\/\/cegeglobal.com\/ca\/wp-json\/wp\/v2\/comments?post=4693"}],"version-history":[{"count":0,"href":"https:\/\/cegeglobal.com\/ca\/wp-json\/wp\/v2\/pages\/4693\/revisions"}],"wp:attachment":[{"href":"https:\/\/cegeglobal.com\/ca\/wp-json\/wp\/v2\/media?parent=4693"}],"curies":[{"name":"wp","href":"https:\/\/api.w.org\/{rel}","templated":true}]}}