{"id":60276,"date":"2026-02-11T16:08:12","date_gmt":"2026-02-11T15:08:12","guid":{"rendered":"https:\/\/cegeglobal.com\/politica-de-cadena-de-custodia\/"},"modified":"2026-02-12T09:23:01","modified_gmt":"2026-02-12T08:23:01","slug":"politica-de-cadena-de-custodia","status":"publish","type":"page","link":"https:\/\/cegeglobal.com\/ca\/politica-de-cadena-de-custodia\/","title":{"rendered":"Pol\u00edtica de cadena de cust\u00f2dia"},"content":{"rendered":"\t\t<div data-elementor-type=\"wp-page\" data-elementor-id=\"60276\" class=\"elementor elementor-60276 elementor-60268\" data-elementor-post-type=\"page\">\n\t\t\t\t\t\t<section class=\"elementor-section elementor-top-section elementor-element elementor-element-b1dd0ca elementor-section-full_width elementor-section-height-min-height elementor-section-content-top elementor-section-height-default elementor-section-items-middle\" data-id=\"b1dd0ca\" data-element_type=\"section\" data-settings=\"{&quot;jet_parallax_layout_list&quot;:[{&quot;jet_parallax_layout_image&quot;:{&quot;url&quot;:&quot;&quot;,&quot;id&quot;:&quot;&quot;,&quot;size&quot;:&quot;&quot;},&quot;_id&quot;:&quot;7036230&quot;,&quot;jet_parallax_layout_image_tablet&quot;:{&quot;url&quot;:&quot;&quot;,&quot;id&quot;:&quot;&quot;,&quot;size&quot;:&quot;&quot;},&quot;jet_parallax_layout_image_mobile&quot;:{&quot;url&quot;:&quot;&quot;,&quot;id&quot;:&quot;&quot;,&quot;size&quot;:&quot;&quot;},&quot;jet_parallax_layout_speed&quot;:{&quot;unit&quot;:&quot;%&quot;,&quot;size&quot;:50,&quot;sizes&quot;:[]},&quot;jet_parallax_layout_type&quot;:&quot;scroll&quot;,&quot;jet_parallax_layout_direction&quot;:&quot;1&quot;,&quot;jet_parallax_layout_fx_direction&quot;:null,&quot;jet_parallax_layout_z_index&quot;:&quot;&quot;,&quot;jet_parallax_layout_bg_x&quot;:50,&quot;jet_parallax_layout_bg_x_tablet&quot;:&quot;&quot;,&quot;jet_parallax_layout_bg_x_mobile&quot;:&quot;&quot;,&quot;jet_parallax_layout_bg_y&quot;:50,&quot;jet_parallax_layout_bg_y_tablet&quot;:&quot;&quot;,&quot;jet_parallax_layout_bg_y_mobile&quot;:&quot;&quot;,&quot;jet_parallax_layout_bg_size&quot;:&quot;auto&quot;,&quot;jet_parallax_layout_bg_size_tablet&quot;:&quot;&quot;,&quot;jet_parallax_layout_bg_size_mobile&quot;:&quot;&quot;,&quot;jet_parallax_layout_animation_prop&quot;:&quot;transform&quot;,&quot;jet_parallax_layout_on&quot;:[&quot;desktop&quot;,&quot;tablet&quot;]}],&quot;background_background&quot;:&quot;classic&quot;}\">\n\t\t\t\t\t\t\t<div class=\"elementor-background-overlay\"><\/div>\n\t\t\t\t\t\t\t<div class=\"elementor-container elementor-column-gap-no\">\n\t\t\t\t\t<div class=\"elementor-column elementor-col-100 elementor-top-column elementor-element elementor-element-5c709c4\" data-id=\"5c709c4\" data-element_type=\"column\" data-settings=\"{&quot;background_background&quot;:&quot;classic&quot;}\">\n\t\t\t<div class=\"elementor-widget-wrap elementor-element-populated\">\n\t\t\t\t\t\t<section class=\"elementor-section elementor-inner-section elementor-element elementor-element-e1114a1 elementor-section-full_width elementor-section-height-min-height elementor-section-height-default\" data-id=\"e1114a1\" data-element_type=\"section\" data-settings=\"{&quot;jet_parallax_layout_list&quot;:[{&quot;jet_parallax_layout_image&quot;:{&quot;url&quot;:&quot;&quot;,&quot;id&quot;:&quot;&quot;,&quot;size&quot;:&quot;&quot;},&quot;_id&quot;:&quot;6149b82&quot;,&quot;jet_parallax_layout_image_tablet&quot;:{&quot;url&quot;:&quot;&quot;,&quot;id&quot;:&quot;&quot;,&quot;size&quot;:&quot;&quot;},&quot;jet_parallax_layout_image_mobile&quot;:{&quot;url&quot;:&quot;&quot;,&quot;id&quot;:&quot;&quot;,&quot;size&quot;:&quot;&quot;},&quot;jet_parallax_layout_speed&quot;:{&quot;unit&quot;:&quot;%&quot;,&quot;size&quot;:50,&quot;sizes&quot;:[]},&quot;jet_parallax_layout_type&quot;:&quot;scroll&quot;,&quot;jet_parallax_layout_direction&quot;:&quot;1&quot;,&quot;jet_parallax_layout_fx_direction&quot;:null,&quot;jet_parallax_layout_z_index&quot;:&quot;&quot;,&quot;jet_parallax_layout_bg_x&quot;:50,&quot;jet_parallax_layout_bg_x_tablet&quot;:&quot;&quot;,&quot;jet_parallax_layout_bg_x_mobile&quot;:&quot;&quot;,&quot;jet_parallax_layout_bg_y&quot;:50,&quot;jet_parallax_layout_bg_y_tablet&quot;:&quot;&quot;,&quot;jet_parallax_layout_bg_y_mobile&quot;:&quot;&quot;,&quot;jet_parallax_layout_bg_size&quot;:&quot;auto&quot;,&quot;jet_parallax_layout_bg_size_tablet&quot;:&quot;&quot;,&quot;jet_parallax_layout_bg_size_mobile&quot;:&quot;&quot;,&quot;jet_parallax_layout_animation_prop&quot;:&quot;transform&quot;,&quot;jet_parallax_layout_on&quot;:[&quot;desktop&quot;,&quot;tablet&quot;]}],&quot;background_background&quot;:&quot;classic&quot;,&quot;background_motion_fx_motion_fx_scrolling&quot;:&quot;yes&quot;,&quot;background_motion_fx_opacity_effect&quot;:&quot;yes&quot;,&quot;background_motion_fx_opacity_range&quot;:{&quot;unit&quot;:&quot;%&quot;,&quot;size&quot;:&quot;&quot;,&quot;sizes&quot;:{&quot;start&quot;:0,&quot;end&quot;:100}},&quot;background_motion_fx_opacity_direction&quot;:&quot;out-in&quot;,&quot;background_motion_fx_opacity_level&quot;:{&quot;unit&quot;:&quot;px&quot;,&quot;size&quot;:10,&quot;sizes&quot;:[]},&quot;background_motion_fx_devices&quot;:[&quot;desktop&quot;,&quot;tablet&quot;,&quot;mobile&quot;]}\">\n\t\t\t\t\t\t<div class=\"elementor-container elementor-column-gap-default\">\n\t\t\t\t\t<div class=\"elementor-column elementor-col-33 elementor-inner-column elementor-element elementor-element-4ae7cbe\" data-id=\"4ae7cbe\" data-element_type=\"column\" data-settings=\"{&quot;background_background&quot;:&quot;classic&quot;}\">\n\t\t\t<div class=\"elementor-widget-wrap\">\n\t\t\t\t\t\t\t<\/div>\n\t\t<\/div>\n\t\t\t\t<div class=\"elementor-column elementor-col-33 elementor-inner-column elementor-element elementor-element-6fcd058\" data-id=\"6fcd058\" data-element_type=\"column\">\n\t\t\t<div class=\"elementor-widget-wrap elementor-element-populated\">\n\t\t\t\t\t\t<div class=\"elementor-element elementor-element-60bad48 elementor-widget elementor-widget-text-editor\" data-id=\"60bad48\" data-element_type=\"widget\" data-widget_type=\"text-editor.default\">\n\t\t\t\t<div class=\"elementor-widget-container\">\n\t\t\t\t\t\t\t\t\t<h1>Pol\u00edtica de cadena de cust\u00f2dia<\/h1>\t\t\t\t\t\t\t\t<\/div>\n\t\t\t\t<\/div>\n\t\t\t\t\t<\/div>\n\t\t<\/div>\n\t\t\t\t<div class=\"elementor-column elementor-col-33 elementor-inner-column elementor-element elementor-element-8baaf99\" data-id=\"8baaf99\" data-element_type=\"column\">\n\t\t\t<div class=\"elementor-widget-wrap\">\n\t\t\t\t\t\t\t<\/div>\n\t\t<\/div>\n\t\t\t\t\t<\/div>\n\t\t<\/section>\n\t\t\t\t\t<\/div>\n\t\t<\/div>\n\t\t\t\t\t<\/div>\n\t\t<\/section>\n\t\t\t\t<section class=\"elementor-section elementor-top-section elementor-element elementor-element-c444458 elementor-section-height-min-height elementor-section-boxed elementor-section-height-default elementor-section-items-middle\" data-id=\"c444458\" data-element_type=\"section\" data-settings=\"{&quot;jet_parallax_layout_list&quot;:[{&quot;jet_parallax_layout_image&quot;:{&quot;url&quot;:&quot;&quot;,&quot;id&quot;:&quot;&quot;,&quot;size&quot;:&quot;&quot;},&quot;_id&quot;:&quot;d03af59&quot;,&quot;jet_parallax_layout_image_tablet&quot;:{&quot;url&quot;:&quot;&quot;,&quot;id&quot;:&quot;&quot;,&quot;size&quot;:&quot;&quot;},&quot;jet_parallax_layout_image_mobile&quot;:{&quot;url&quot;:&quot;&quot;,&quot;id&quot;:&quot;&quot;,&quot;size&quot;:&quot;&quot;},&quot;jet_parallax_layout_speed&quot;:{&quot;unit&quot;:&quot;%&quot;,&quot;size&quot;:50,&quot;sizes&quot;:[]},&quot;jet_parallax_layout_type&quot;:&quot;scroll&quot;,&quot;jet_parallax_layout_direction&quot;:&quot;1&quot;,&quot;jet_parallax_layout_fx_direction&quot;:null,&quot;jet_parallax_layout_z_index&quot;:&quot;&quot;,&quot;jet_parallax_layout_bg_x&quot;:50,&quot;jet_parallax_layout_bg_x_tablet&quot;:&quot;&quot;,&quot;jet_parallax_layout_bg_x_mobile&quot;:&quot;&quot;,&quot;jet_parallax_layout_bg_y&quot;:50,&quot;jet_parallax_layout_bg_y_tablet&quot;:&quot;&quot;,&quot;jet_parallax_layout_bg_y_mobile&quot;:&quot;&quot;,&quot;jet_parallax_layout_bg_size&quot;:&quot;auto&quot;,&quot;jet_parallax_layout_bg_size_tablet&quot;:&quot;&quot;,&quot;jet_parallax_layout_bg_size_mobile&quot;:&quot;&quot;,&quot;jet_parallax_layout_animation_prop&quot;:&quot;transform&quot;,&quot;jet_parallax_layout_on&quot;:[&quot;desktop&quot;,&quot;tablet&quot;]}],&quot;background_background&quot;:&quot;classic&quot;}\">\n\t\t\t\t\t\t<div class=\"elementor-container elementor-column-gap-no\">\n\t\t\t\t\t<div class=\"elementor-column elementor-col-100 elementor-top-column elementor-element elementor-element-698fba3\" data-id=\"698fba3\" data-element_type=\"column\">\n\t\t\t<div class=\"elementor-widget-wrap\">\n\t\t\t\t\t\t\t<\/div>\n\t\t<\/div>\n\t\t\t\t\t<\/div>\n\t\t<\/section>\n\t\t\t\t<section class=\"elementor-section elementor-top-section elementor-element elementor-element-e27c85b elementor-section-boxed elementor-section-height-default elementor-section-height-default\" data-id=\"e27c85b\" data-element_type=\"section\" data-settings=\"{&quot;jet_parallax_layout_list&quot;:[{&quot;jet_parallax_layout_image&quot;:{&quot;url&quot;:&quot;&quot;,&quot;id&quot;:&quot;&quot;,&quot;size&quot;:&quot;&quot;},&quot;_id&quot;:&quot;4a7c775&quot;,&quot;jet_parallax_layout_image_tablet&quot;:{&quot;url&quot;:&quot;&quot;,&quot;id&quot;:&quot;&quot;,&quot;size&quot;:&quot;&quot;},&quot;jet_parallax_layout_image_mobile&quot;:{&quot;url&quot;:&quot;&quot;,&quot;id&quot;:&quot;&quot;,&quot;size&quot;:&quot;&quot;},&quot;jet_parallax_layout_speed&quot;:{&quot;unit&quot;:&quot;%&quot;,&quot;size&quot;:50,&quot;sizes&quot;:[]},&quot;jet_parallax_layout_type&quot;:&quot;scroll&quot;,&quot;jet_parallax_layout_direction&quot;:&quot;1&quot;,&quot;jet_parallax_layout_fx_direction&quot;:null,&quot;jet_parallax_layout_z_index&quot;:&quot;&quot;,&quot;jet_parallax_layout_bg_x&quot;:50,&quot;jet_parallax_layout_bg_x_tablet&quot;:&quot;&quot;,&quot;jet_parallax_layout_bg_x_mobile&quot;:&quot;&quot;,&quot;jet_parallax_layout_bg_y&quot;:50,&quot;jet_parallax_layout_bg_y_tablet&quot;:&quot;&quot;,&quot;jet_parallax_layout_bg_y_mobile&quot;:&quot;&quot;,&quot;jet_parallax_layout_bg_size&quot;:&quot;auto&quot;,&quot;jet_parallax_layout_bg_size_tablet&quot;:&quot;&quot;,&quot;jet_parallax_layout_bg_size_mobile&quot;:&quot;&quot;,&quot;jet_parallax_layout_animation_prop&quot;:&quot;transform&quot;,&quot;jet_parallax_layout_on&quot;:[&quot;desktop&quot;,&quot;tablet&quot;]}]}\">\n\t\t\t\t\t\t<div class=\"elementor-container elementor-column-gap-default\">\n\t\t\t\t\t<div class=\"elementor-column elementor-col-100 elementor-top-column elementor-element elementor-element-ba15f91\" data-id=\"ba15f91\" data-element_type=\"column\">\n\t\t\t<div class=\"elementor-widget-wrap elementor-element-populated\">\n\t\t\t\t\t\t<div class=\"elementor-element elementor-element-1da5af1 elementor-widget elementor-widget-text-editor\" data-id=\"1da5af1\" data-element_type=\"widget\" data-widget_type=\"text-editor.default\">\n\t\t\t\t<div class=\"elementor-widget-container\">\n\t\t\t\t\t\t\t\t\t<h2>Pol\u00edtica de cadena de cust\u00f2dia<\/h2>\t\t\t\t\t\t\t\t<\/div>\n\t\t\t\t<\/div>\n\t\t\t\t<div class=\"elementor-element elementor-element-5c5de97 elementor-widget-divider--view-line elementor-widget elementor-widget-divider\" data-id=\"5c5de97\" data-element_type=\"widget\" data-widget_type=\"divider.default\">\n\t\t\t\t<div class=\"elementor-widget-container\">\n\t\t\t\t\t\t\t<div class=\"elementor-divider\">\n\t\t\t<span class=\"elementor-divider-separator\">\n\t\t\t\t\t\t<\/span>\n\t\t<\/div>\n\t\t\t\t\t\t<\/div>\n\t\t\t\t<\/div>\n\t\t\t\t<div class=\"elementor-element elementor-element-46dd5f7 elementor-widget elementor-widget-spacer\" data-id=\"46dd5f7\" data-element_type=\"widget\" data-widget_type=\"spacer.default\">\n\t\t\t\t<div class=\"elementor-widget-container\">\n\t\t\t\t\t\t\t<div class=\"elementor-spacer\">\n\t\t\t<div class=\"elementor-spacer-inner\"><\/div>\n\t\t<\/div>\n\t\t\t\t\t\t<\/div>\n\t\t\t\t<\/div>\n\t\t\t\t<div class=\"elementor-element elementor-element-b2fc41b elementor-widget__width-initial elementor-widget elementor-widget-text-editor\" data-id=\"b2fc41b\" data-element_type=\"widget\" data-widget_type=\"text-editor.default\">\n\t\t\t\t<div class=\"elementor-widget-container\">\n\t\t\t\t\t\t\t\t\t<p>CeGe \u00e9s una empresa de producci\u00f3 gr\u00e0fica i gesti\u00f3 de continguts amb vocaci\u00f3 de donar servei a les necessitats de comunicaci\u00f3 dels seus clients creant, produint i realitzant tot tipus d\u2019elements tant on-line com off-line en \u00e0rees molt diverses.<\/p><p>La Pol\u00edtica de Qualitat de CeGe es veu reflectida en la Visi\u00f3, Missi\u00f3 i Valors de la companyia.<\/p><p><strong>VISI\u00d3:<\/strong><br>Ser l\u2019empresa capdavantera en el mon de les arts gr\u00e0fiques i producci\u00f3 editorial a Catalunya.<\/p><p>MISSI\u00d3:<br>Aconseguir la satisfacci\u00f3 dels nostres clients, accionistes i col\u00b7laboradors, gestionant l\u2019empresa de manera que creem valor per la companyia i per la societat.<\/p><p><strong>VALORS:<\/strong><\/p><ul><li>Rigor en la feina tant a nivell de l\u2019estudi com a qualitat d\u2019impressi\u00f3 i acabats que permeten diferenciar-nos dels nostres competidors.<\/li><li>Confian\u00e7a depositada pels nostres clients als que els oferim un projecte claus en m\u00e0.<\/li><li>Vocaci\u00f3 de servei a tots els nivells, amb proactivitat i compliment de terminis.<\/li><li>Capacitat de gestionar Projectes Complexes amb \u00e8xit<\/li><li>Emprenedoria en l\u00ednies de negoci complementaries que permeten diversificar.<\/li><li>Comprom\u00eds amb pr\u00e0ctiques mediambientalment sostenibles que es protegeixin a les generacions futures.<\/li><li>Comprom\u00eds amb una s\u00f2lida \u00e8tica laboral, integritat i honestedat, aix\u00ed com amb el compliment de la legislaci\u00f3 aplicable.<\/li><li>No participar directa ni indirectament en les seg\u00fcents activitats inadmissibles:No participar directa ni indirectamente en las siguientes actividades inadmisibles:<ul><li>Tala il\u00b7legal o comer\u00e7 de fusta o productes forestals il\u00b7legals;<\/li><li>Violaci\u00f3n de los derechos tradicionales y humanos en las operaciones silv\u00edcolas<\/li><li>Destrucci\u00f3 d\u2019alts valors de conservaci\u00f3 en les operacions silv\u00edcoles;<\/li><li>Conversi\u00f3 significativa de boscos en plantacions o en usos no forestals;<\/li><li>Introducci\u00f3 d\u2019organismes modificats gen\u00e8ticament en les operacions silv\u00edcoles;<\/li><li>Violaci\u00f3 de qualsevol dels Convenis fonamentals de la OIT segons apareixen definits en la Declaraci\u00f3 de la OIT relativa als principis i drets fonamentals en el treball.<\/li><\/ul><\/li><\/ul><h3> <\/h3><p><span style=\"font-size: 1rem;\"> <\/span><\/p><p><span style=\"font-size: 1rem;\">La Direcci\u00f3<\/span><\/p><h3> <\/h3>\t\t\t\t\t\t\t\t<\/div>\n\t\t\t\t<\/div>\n\t\t\t\t\t<\/div>\n\t\t<\/div>\n\t\t\t\t\t<\/div>\n\t\t<\/section>\n\t\t\t\t<section class=\"elementor-section elementor-top-section elementor-element elementor-element-d57ac9f elementor-section-height-min-height elementor-section-boxed elementor-section-height-default elementor-section-items-middle\" data-id=\"d57ac9f\" data-element_type=\"section\" data-settings=\"{&quot;jet_parallax_layout_list&quot;:[{&quot;jet_parallax_layout_image&quot;:{&quot;url&quot;:&quot;&quot;,&quot;id&quot;:&quot;&quot;,&quot;size&quot;:&quot;&quot;},&quot;_id&quot;:&quot;d03af59&quot;,&quot;jet_parallax_layout_image_tablet&quot;:{&quot;url&quot;:&quot;&quot;,&quot;id&quot;:&quot;&quot;,&quot;size&quot;:&quot;&quot;},&quot;jet_parallax_layout_image_mobile&quot;:{&quot;url&quot;:&quot;&quot;,&quot;id&quot;:&quot;&quot;,&quot;size&quot;:&quot;&quot;},&quot;jet_parallax_layout_speed&quot;:{&quot;unit&quot;:&quot;%&quot;,&quot;size&quot;:50,&quot;sizes&quot;:[]},&quot;jet_parallax_layout_type&quot;:&quot;scroll&quot;,&quot;jet_parallax_layout_direction&quot;:&quot;1&quot;,&quot;jet_parallax_layout_fx_direction&quot;:null,&quot;jet_parallax_layout_z_index&quot;:&quot;&quot;,&quot;jet_parallax_layout_bg_x&quot;:50,&quot;jet_parallax_layout_bg_x_tablet&quot;:&quot;&quot;,&quot;jet_parallax_layout_bg_x_mobile&quot;:&quot;&quot;,&quot;jet_parallax_layout_bg_y&quot;:50,&quot;jet_parallax_layout_bg_y_tablet&quot;:&quot;&quot;,&quot;jet_parallax_layout_bg_y_mobile&quot;:&quot;&quot;,&quot;jet_parallax_layout_bg_size&quot;:&quot;auto&quot;,&quot;jet_parallax_layout_bg_size_tablet&quot;:&quot;&quot;,&quot;jet_parallax_layout_bg_size_mobile&quot;:&quot;&quot;,&quot;jet_parallax_layout_animation_prop&quot;:&quot;transform&quot;,&quot;jet_parallax_layout_on&quot;:[&quot;desktop&quot;,&quot;tablet&quot;]}],&quot;background_background&quot;:&quot;classic&quot;}\">\n\t\t\t\t\t\t<div class=\"elementor-container elementor-column-gap-no\">\n\t\t\t\t\t<div class=\"elementor-column elementor-col-100 elementor-top-column elementor-element elementor-element-5a47f11\" data-id=\"5a47f11\" data-element_type=\"column\">\n\t\t\t<div class=\"elementor-widget-wrap\">\n\t\t\t\t\t\t\t<\/div>\n\t\t<\/div>\n\t\t\t\t\t<\/div>\n\t\t<\/section>\n\t\t\t\t<\/div>\n\t\t","protected":false},"excerpt":{"rendered":"<p>Pol\u00edtica de cadena de cust\u00f2dia Pol\u00edtica de cadena de cust\u00f2dia CeGe \u00e9s una empresa de producci\u00f3 gr\u00e0fica i gesti\u00f3 de continguts amb vocaci\u00f3 de donar servei a les necessitats de comunicaci\u00f3 dels seus clients creant, produint i realitzant tot tipus d\u2019elements tant on-line com off-line en \u00e0rees molt diverses. La Pol\u00edtica de Qualitat de CeGe [&hellip;]<\/p>\n","protected":false},"author":15,"featured_media":0,"parent":0,"menu_order":0,"comment_status":"closed","ping_status":"closed","template":"elementor_header_footer","meta":{"_acf_changed":false,"content-type":"","footnotes":""},"class_list":["post-60276","page","type-page","status-publish","hentry"],"acf":[],"yoast_head":"<!-- This site is optimized with the Yoast SEO plugin v26.8 - https:\/\/yoast.com\/product\/yoast-seo-wordpress\/ -->\n<title>Pol\u00edtica de cadena de cust\u00f2dia - CeGeGlobal<\/title>\n<meta name=\"robots\" content=\"index, follow, max-snippet:-1, max-image-preview:large, max-video-preview:-1\" \/>\n<link rel=\"canonical\" href=\"https:\/\/cegeglobal.com\/ca\/politica-de-cadena-de-custodia\/\" \/>\n<meta property=\"og:locale\" content=\"ca_ES\" \/>\n<meta property=\"og:type\" content=\"article\" \/>\n<meta property=\"og:title\" content=\"Pol\u00edtica de cadena de cust\u00f2dia - CeGeGlobal\" \/>\n<meta property=\"og:description\" content=\"Pol\u00edtica de cadena de cust\u00f2dia Pol\u00edtica de cadena de cust\u00f2dia CeGe \u00e9s una empresa de producci\u00f3 gr\u00e0fica i gesti\u00f3 de continguts amb vocaci\u00f3 de donar servei a les necessitats de comunicaci\u00f3 dels seus clients creant, produint i realitzant tot tipus d\u2019elements tant on-line com off-line en \u00e0rees molt diverses. La Pol\u00edtica de Qualitat de CeGe [&hellip;]\" \/>\n<meta property=\"og:url\" content=\"https:\/\/cegeglobal.com\/ca\/politica-de-cadena-de-custodia\/\" \/>\n<meta property=\"og:site_name\" content=\"CeGeGlobal\" \/>\n<meta property=\"article:modified_time\" content=\"2026-02-12T08:23:01+00:00\" \/>\n<meta name=\"twitter:card\" content=\"summary_large_image\" \/>\n<meta name=\"twitter:label1\" content=\"Temps estimat de lectura\" \/>\n\t<meta name=\"twitter:data1\" content=\"2 minuts\" \/>\n<script type=\"application\/ld+json\" class=\"yoast-schema-graph\">{\"@context\":\"https:\/\/schema.org\",\"@graph\":[{\"@type\":\"WebPage\",\"@id\":\"https:\/\/cegeglobal.com\/ca\/politica-de-cadena-de-custodia\/\",\"url\":\"https:\/\/cegeglobal.com\/ca\/politica-de-cadena-de-custodia\/\",\"name\":\"Pol\u00edtica de cadena de cust\u00f2dia - CeGeGlobal\",\"isPartOf\":{\"@id\":\"https:\/\/cegeglobal.com\/ca\/#website\"},\"datePublished\":\"2026-02-11T15:08:12+00:00\",\"dateModified\":\"2026-02-12T08:23:01+00:00\",\"breadcrumb\":{\"@id\":\"https:\/\/cegeglobal.com\/ca\/politica-de-cadena-de-custodia\/#breadcrumb\"},\"inLanguage\":\"ca\",\"potentialAction\":[{\"@type\":\"ReadAction\",\"target\":[\"https:\/\/cegeglobal.com\/ca\/politica-de-cadena-de-custodia\/\"]}]},{\"@type\":\"BreadcrumbList\",\"@id\":\"https:\/\/cegeglobal.com\/ca\/politica-de-cadena-de-custodia\/#breadcrumb\",\"itemListElement\":[{\"@type\":\"ListItem\",\"position\":1,\"name\":\"Home\",\"item\":\"https:\/\/cegeglobal.com\/ca\/\"},{\"@type\":\"ListItem\",\"position\":2,\"name\":\"Pol\u00edtica de cadena de cust\u00f2dia\"}]},{\"@type\":\"WebSite\",\"@id\":\"https:\/\/cegeglobal.com\/ca\/#website\",\"url\":\"https:\/\/cegeglobal.com\/ca\/\",\"name\":\"CeGeGlobal\",\"description\":\"Soluciones integrales para departamentos de marketing y ventas\",\"publisher\":{\"@id\":\"https:\/\/cegeglobal.com\/ca\/#organization\"},\"potentialAction\":[{\"@type\":\"SearchAction\",\"target\":{\"@type\":\"EntryPoint\",\"urlTemplate\":\"https:\/\/cegeglobal.com\/ca\/?s={search_term_string}\"},\"query-input\":{\"@type\":\"PropertyValueSpecification\",\"valueRequired\":true,\"valueName\":\"search_term_string\"}}],\"inLanguage\":\"ca\"},{\"@type\":\"Organization\",\"@id\":\"https:\/\/cegeglobal.com\/ca\/#organization\",\"name\":\"CeGeGlobal\",\"url\":\"https:\/\/cegeglobal.com\/ca\/\",\"logo\":{\"@type\":\"ImageObject\",\"inLanguage\":\"ca\",\"@id\":\"https:\/\/cegeglobal.com\/ca\/#\/schema\/logo\/image\/\",\"url\":\"https:\/\/cegeglobal.com\/wp-content\/uploads\/2020\/01\/logo_CeGe-1.svg\",\"contentUrl\":\"https:\/\/cegeglobal.com\/wp-content\/uploads\/2020\/01\/logo_CeGe-1.svg\",\"width\":285.86,\"height\":77.69,\"caption\":\"CeGeGlobal\"},\"image\":{\"@id\":\"https:\/\/cegeglobal.com\/ca\/#\/schema\/logo\/image\/\"}}]}<\/script>\n<!-- \/ Yoast SEO plugin. -->","yoast_head_json":{"title":"Pol\u00edtica de cadena de cust\u00f2dia - CeGeGlobal","robots":{"index":"index","follow":"follow","max-snippet":"max-snippet:-1","max-image-preview":"max-image-preview:large","max-video-preview":"max-video-preview:-1"},"canonical":"https:\/\/cegeglobal.com\/ca\/politica-de-cadena-de-custodia\/","og_locale":"ca_ES","og_type":"article","og_title":"Pol\u00edtica de cadena de cust\u00f2dia - CeGeGlobal","og_description":"Pol\u00edtica de cadena de cust\u00f2dia Pol\u00edtica de cadena de cust\u00f2dia CeGe \u00e9s una empresa de producci\u00f3 gr\u00e0fica i gesti\u00f3 de continguts amb vocaci\u00f3 de donar servei a les necessitats de comunicaci\u00f3 dels seus clients creant, produint i realitzant tot tipus d\u2019elements tant on-line com off-line en \u00e0rees molt diverses. La Pol\u00edtica de Qualitat de CeGe [&hellip;]","og_url":"https:\/\/cegeglobal.com\/ca\/politica-de-cadena-de-custodia\/","og_site_name":"CeGeGlobal","article_modified_time":"2026-02-12T08:23:01+00:00","twitter_card":"summary_large_image","twitter_misc":{"Temps estimat de lectura":"2 minuts"},"schema":{"@context":"https:\/\/schema.org","@graph":[{"@type":"WebPage","@id":"https:\/\/cegeglobal.com\/ca\/politica-de-cadena-de-custodia\/","url":"https:\/\/cegeglobal.com\/ca\/politica-de-cadena-de-custodia\/","name":"Pol\u00edtica de cadena de cust\u00f2dia - CeGeGlobal","isPartOf":{"@id":"https:\/\/cegeglobal.com\/ca\/#website"},"datePublished":"2026-02-11T15:08:12+00:00","dateModified":"2026-02-12T08:23:01+00:00","breadcrumb":{"@id":"https:\/\/cegeglobal.com\/ca\/politica-de-cadena-de-custodia\/#breadcrumb"},"inLanguage":"ca","potentialAction":[{"@type":"ReadAction","target":["https:\/\/cegeglobal.com\/ca\/politica-de-cadena-de-custodia\/"]}]},{"@type":"BreadcrumbList","@id":"https:\/\/cegeglobal.com\/ca\/politica-de-cadena-de-custodia\/#breadcrumb","itemListElement":[{"@type":"ListItem","position":1,"name":"Home","item":"https:\/\/cegeglobal.com\/ca\/"},{"@type":"ListItem","position":2,"name":"Pol\u00edtica de cadena de cust\u00f2dia"}]},{"@type":"WebSite","@id":"https:\/\/cegeglobal.com\/ca\/#website","url":"https:\/\/cegeglobal.com\/ca\/","name":"CeGeGlobal","description":"Soluciones integrales para departamentos de marketing y ventas","publisher":{"@id":"https:\/\/cegeglobal.com\/ca\/#organization"},"potentialAction":[{"@type":"SearchAction","target":{"@type":"EntryPoint","urlTemplate":"https:\/\/cegeglobal.com\/ca\/?s={search_term_string}"},"query-input":{"@type":"PropertyValueSpecification","valueRequired":true,"valueName":"search_term_string"}}],"inLanguage":"ca"},{"@type":"Organization","@id":"https:\/\/cegeglobal.com\/ca\/#organization","name":"CeGeGlobal","url":"https:\/\/cegeglobal.com\/ca\/","logo":{"@type":"ImageObject","inLanguage":"ca","@id":"https:\/\/cegeglobal.com\/ca\/#\/schema\/logo\/image\/","url":"https:\/\/cegeglobal.com\/wp-content\/uploads\/2020\/01\/logo_CeGe-1.svg","contentUrl":"https:\/\/cegeglobal.com\/wp-content\/uploads\/2020\/01\/logo_CeGe-1.svg","width":285.86,"height":77.69,"caption":"CeGeGlobal"},"image":{"@id":"https:\/\/cegeglobal.com\/ca\/#\/schema\/logo\/image\/"}}]}},"_links":{"self":[{"href":"https:\/\/cegeglobal.com\/ca\/wp-json\/wp\/v2\/pages\/60276","targetHints":{"allow":["GET"]}}],"collection":[{"href":"https:\/\/cegeglobal.com\/ca\/wp-json\/wp\/v2\/pages"}],"about":[{"href":"https:\/\/cegeglobal.com\/ca\/wp-json\/wp\/v2\/types\/page"}],"author":[{"embeddable":true,"href":"https:\/\/cegeglobal.com\/ca\/wp-json\/wp\/v2\/users\/15"}],"replies":[{"embeddable":true,"href":"https:\/\/cegeglobal.com\/ca\/wp-json\/wp\/v2\/comments?post=60276"}],"version-history":[{"count":8,"href":"https:\/\/cegeglobal.com\/ca\/wp-json\/wp\/v2\/pages\/60276\/revisions"}],"predecessor-version":[{"id":60293,"href":"https:\/\/cegeglobal.com\/ca\/wp-json\/wp\/v2\/pages\/60276\/revisions\/60293"}],"wp:attachment":[{"href":"https:\/\/cegeglobal.com\/ca\/wp-json\/wp\/v2\/media?parent=60276"}],"curies":[{"name":"wp","href":"https:\/\/api.w.org\/{rel}","templated":true}]}}