{"id":12349,"date":"2020-08-06T15:46:32","date_gmt":"2020-08-06T13:46:32","guid":{"rendered":"https:\/\/cegeglobal.com\/privacy-policy\/"},"modified":"2020-08-06T15:46:33","modified_gmt":"2020-08-06T13:46:33","slug":"privacy-policy","status":"publish","type":"page","link":"https:\/\/cegeglobal.com\/en\/privacy-policy\/","title":{"rendered":"Privacy Policy"},"content":{"rendered":"\t\t<div data-elementor-type=\"wp-page\" data-elementor-id=\"12349\" class=\"elementor elementor-12349 elementor-12340\" data-elementor-post-type=\"page\">\n\t\t\t\t\t\t<section class=\"elementor-section elementor-top-section elementor-element elementor-element-9f585ac elementor-section-boxed elementor-section-height-default elementor-section-height-default\" data-id=\"9f585ac\" data-element_type=\"section\" data-settings=\"{&quot;jet_parallax_layout_list&quot;:[{&quot;jet_parallax_layout_image&quot;:{&quot;url&quot;:&quot;&quot;,&quot;id&quot;:&quot;&quot;,&quot;size&quot;:&quot;&quot;},&quot;_id&quot;:&quot;45f6fc8&quot;,&quot;jet_parallax_layout_image_tablet&quot;:{&quot;url&quot;:&quot;&quot;,&quot;id&quot;:&quot;&quot;,&quot;size&quot;:&quot;&quot;},&quot;jet_parallax_layout_image_mobile&quot;:{&quot;url&quot;:&quot;&quot;,&quot;id&quot;:&quot;&quot;,&quot;size&quot;:&quot;&quot;},&quot;jet_parallax_layout_speed&quot;:{&quot;unit&quot;:&quot;%&quot;,&quot;size&quot;:50,&quot;sizes&quot;:[]},&quot;jet_parallax_layout_type&quot;:&quot;scroll&quot;,&quot;jet_parallax_layout_direction&quot;:&quot;1&quot;,&quot;jet_parallax_layout_fx_direction&quot;:null,&quot;jet_parallax_layout_z_index&quot;:&quot;&quot;,&quot;jet_parallax_layout_bg_x&quot;:50,&quot;jet_parallax_layout_bg_y&quot;:50,&quot;jet_parallax_layout_bg_size&quot;:&quot;auto&quot;,&quot;jet_parallax_layout_animation_prop&quot;:&quot;transform&quot;,&quot;jet_parallax_layout_on&quot;:[&quot;desktop&quot;,&quot;tablet&quot;],&quot;jet_parallax_layout_bg_x_tablet&quot;:&quot;&quot;,&quot;jet_parallax_layout_bg_x_mobile&quot;:&quot;&quot;,&quot;jet_parallax_layout_bg_y_tablet&quot;:&quot;&quot;,&quot;jet_parallax_layout_bg_y_mobile&quot;:&quot;&quot;,&quot;jet_parallax_layout_bg_size_tablet&quot;:&quot;&quot;,&quot;jet_parallax_layout_bg_size_mobile&quot;:&quot;&quot;}]}\">\n\t\t\t\t\t\t<div class=\"elementor-container elementor-column-gap-default\">\n\t\t\t\t\t<div class=\"elementor-column elementor-col-100 elementor-top-column elementor-element elementor-element-090f451\" data-id=\"090f451\" data-element_type=\"column\">\n\t\t\t<div class=\"elementor-widget-wrap elementor-element-populated\">\n\t\t\t\t\t\t<div class=\"elementor-element elementor-element-fe11b28 elementor-widget elementor-widget-spacer\" data-id=\"fe11b28\" data-element_type=\"widget\" data-widget_type=\"spacer.default\">\n\t\t\t\t<div class=\"elementor-widget-container\">\n\t\t\t\t\t\t\t<div class=\"elementor-spacer\">\n\t\t\t<div class=\"elementor-spacer-inner\"><\/div>\n\t\t<\/div>\n\t\t\t\t\t\t<\/div>\n\t\t\t\t<\/div>\n\t\t\t\t<div class=\"elementor-element elementor-element-968d950 elementor-widget elementor-widget-heading\" data-id=\"968d950\" data-element_type=\"widget\" data-widget_type=\"heading.default\">\n\t\t\t\t<div class=\"elementor-widget-container\">\n\t\t\t\t\t<h2 class=\"elementor-heading-title elementor-size-default\">Privacy Policy<\/h2>\t\t\t\t<\/div>\n\t\t\t\t<\/div>\n\t\t\t\t<div class=\"elementor-element elementor-element-da1243b elementor-widget elementor-widget-spacer\" data-id=\"da1243b\" data-element_type=\"widget\" data-widget_type=\"spacer.default\">\n\t\t\t\t<div class=\"elementor-widget-container\">\n\t\t\t\t\t\t\t<div class=\"elementor-spacer\">\n\t\t\t<div class=\"elementor-spacer-inner\"><\/div>\n\t\t<\/div>\n\t\t\t\t\t\t<\/div>\n\t\t\t\t<\/div>\n\t\t\t\t<div class=\"elementor-element elementor-element-67ff432 elementor-widget elementor-widget-text-editor\" data-id=\"67ff432\" data-element_type=\"widget\" data-widget_type=\"text-editor.default\">\n\t\t\t\t<div class=\"elementor-widget-container\">\n\t\t\t\t\t\t\t\t\t<p style=\"text-align: right;\">Last update: <strong>29\/07\/2020<\/strong><\/p>\n<p>In accordance with current regulations on the Protection of Personal Data and, in particular, in application of Regulation 2016\/679 on the protection of natural persons with regard to the processing of personal data, we inform you that your data will be processed by Cege Barcelona, c\/Ciutat d&#8217;Asunci\u00f3, 42 (08030 Barcelona) who will act as data controller.<\/p>\n<p>The legal basis that legitimises us to process your personal data is your consent expressed to us by accepting the present Privacy Policy. We will collect only basic contact information in order to carry out our business relationship. This refers, for example, to your name, your email address, your phone, etc. We will process your data for the sole purpose of communicating with you in relation to our products, services, and commercial activities.   <\/p>\n<p>In general, we will not share your personal information with anyone. However, we will rely on providers who will need to access your personal data to provide certain services to us from time to time. These include, but are not limited to <g id=\"gid_0\">mailing<\/g> companies, data hosting companies, etc. We will always strive to obtain confirmation that these providers process your data correctly. By accepting this Privacy Policy, you authorise us to transfer your personal data internationally to some of these providers.    <\/p>\n<p>We recognise your rights of access, rectification, erasure, restriction to processing, portability and objection in relation to your personal data. You can exercise them by contacting us at <g id=\"gid_0\">info@cege.es<\/g>. In some countries, there are public authorities that ensure compliance with the right to data protection. If you believe your rights have been violated and your country recognises this option, remember that you can file a claim with them. In the case of Spain, the Control Authority is the Spanish Agency for Data Protection.    <\/p>\n<p>Once your relationship with us has ended, we will keep your personal information for the next 2 years, duly blocked. Once this period has passed, we will remove it from our records. <\/p>\n<p>Your data is hosted on secure servers. We apply technical and physical measures to protect your information. In the event that we suffer a security breach and your information is compromised, we will notify you in less than 72 hours.  <\/p>\n<p>In of modification of the present Privacy Policy we will communicate the changes through our website or an e-mail.<\/p>\n\t\t\t\t\t\t\t\t<\/div>\n\t\t\t\t<\/div>\n\t\t\t\t<div class=\"elementor-element elementor-element-c17168f elementor-widget elementor-widget-spacer\" data-id=\"c17168f\" data-element_type=\"widget\" data-widget_type=\"spacer.default\">\n\t\t\t\t<div class=\"elementor-widget-container\">\n\t\t\t\t\t\t\t<div class=\"elementor-spacer\">\n\t\t\t<div class=\"elementor-spacer-inner\"><\/div>\n\t\t<\/div>\n\t\t\t\t\t\t<\/div>\n\t\t\t\t<\/div>\n\t\t\t\t\t<\/div>\n\t\t<\/div>\n\t\t\t\t\t<\/div>\n\t\t<\/section>\n\t\t\t\t<\/div>\n\t\t","protected":false},"excerpt":{"rendered":"<p>Pol\u00edtica de Privacidad \u00daltima modificaci\u00f3n: 29\/07\/2020 De acuerdo con la normativa vigente en Protecci\u00f3n de Datos de Car\u00e1cter Personal y, en particular, en aplicaci\u00f3n del Reglamento 2016\/679 relativo a la protecci\u00f3n de las personas f\u00edsicas en lo que respecta al tratamiento de datos personales, le informamos que sus datos ser\u00e1n tratados por Cege Barcelona, c\/Ciutat [&hellip;]<\/p>\n","protected":false},"author":3,"featured_media":0,"parent":0,"menu_order":0,"comment_status":"closed","ping_status":"closed","template":"","meta":{"_acf_changed":false,"content-type":"","footnotes":""},"class_list":["post-12349","page","type-page","status-publish","hentry"],"acf":[],"yoast_head":"<!-- This site is optimized with the Yoast SEO plugin v26.8 - https:\/\/yoast.com\/product\/yoast-seo-wordpress\/ -->\n<title>Privacy Policy - CeGeGlobal<\/title>\n<meta name=\"robots\" content=\"index, follow, max-snippet:-1, max-image-preview:large, max-video-preview:-1\" \/>\n<link rel=\"canonical\" href=\"https:\/\/cegeglobal.com\/en\/privacy-policy\/\" \/>\n<meta property=\"og:locale\" content=\"en_US\" \/>\n<meta property=\"og:type\" content=\"article\" \/>\n<meta property=\"og:title\" content=\"Privacy Policy - CeGeGlobal\" \/>\n<meta property=\"og:description\" content=\"Pol\u00edtica de Privacidad \u00daltima modificaci\u00f3n: 29\/07\/2020 De acuerdo con la normativa vigente en Protecci\u00f3n de Datos de Car\u00e1cter Personal y, en particular, en aplicaci\u00f3n del Reglamento 2016\/679 relativo a la protecci\u00f3n de las personas f\u00edsicas en lo que respecta al tratamiento de datos personales, le informamos que sus datos ser\u00e1n tratados por Cege Barcelona, c\/Ciutat [&hellip;]\" \/>\n<meta property=\"og:url\" content=\"https:\/\/cegeglobal.com\/en\/privacy-policy\/\" \/>\n<meta property=\"og:site_name\" content=\"CeGeGlobal\" \/>\n<meta property=\"article:modified_time\" content=\"2020-08-06T13:46:33+00:00\" \/>\n<meta name=\"twitter:card\" content=\"summary_large_image\" \/>\n<meta name=\"twitter:label1\" content=\"Est. reading time\" \/>\n\t<meta name=\"twitter:data1\" content=\"2 minutes\" \/>\n<script type=\"application\/ld+json\" class=\"yoast-schema-graph\">{\"@context\":\"https:\/\/schema.org\",\"@graph\":[{\"@type\":\"WebPage\",\"@id\":\"https:\/\/cegeglobal.com\/en\/privacy-policy\/\",\"url\":\"https:\/\/cegeglobal.com\/en\/privacy-policy\/\",\"name\":\"Privacy Policy - CeGeGlobal\",\"isPartOf\":{\"@id\":\"https:\/\/cegeglobal.com\/en\/#website\"},\"datePublished\":\"2020-08-06T13:46:32+00:00\",\"dateModified\":\"2020-08-06T13:46:33+00:00\",\"breadcrumb\":{\"@id\":\"https:\/\/cegeglobal.com\/en\/privacy-policy\/#breadcrumb\"},\"inLanguage\":\"en-US\",\"potentialAction\":[{\"@type\":\"ReadAction\",\"target\":[\"https:\/\/cegeglobal.com\/en\/privacy-policy\/\"]}]},{\"@type\":\"BreadcrumbList\",\"@id\":\"https:\/\/cegeglobal.com\/en\/privacy-policy\/#breadcrumb\",\"itemListElement\":[{\"@type\":\"ListItem\",\"position\":1,\"name\":\"Home\",\"item\":\"https:\/\/cegeglobal.com\/en\/home\/\"},{\"@type\":\"ListItem\",\"position\":2,\"name\":\"Privacy Policy\"}]},{\"@type\":\"WebSite\",\"@id\":\"https:\/\/cegeglobal.com\/en\/#website\",\"url\":\"https:\/\/cegeglobal.com\/en\/\",\"name\":\"CeGeGlobal\",\"description\":\"Soluciones integrales para departamentos de marketing y ventas\",\"publisher\":{\"@id\":\"https:\/\/cegeglobal.com\/en\/#organization\"},\"potentialAction\":[{\"@type\":\"SearchAction\",\"target\":{\"@type\":\"EntryPoint\",\"urlTemplate\":\"https:\/\/cegeglobal.com\/en\/?s={search_term_string}\"},\"query-input\":{\"@type\":\"PropertyValueSpecification\",\"valueRequired\":true,\"valueName\":\"search_term_string\"}}],\"inLanguage\":\"en-US\"},{\"@type\":\"Organization\",\"@id\":\"https:\/\/cegeglobal.com\/en\/#organization\",\"name\":\"CeGeGlobal\",\"url\":\"https:\/\/cegeglobal.com\/en\/\",\"logo\":{\"@type\":\"ImageObject\",\"inLanguage\":\"en-US\",\"@id\":\"https:\/\/cegeglobal.com\/en\/#\/schema\/logo\/image\/\",\"url\":\"https:\/\/cegeglobal.com\/wp-content\/uploads\/2020\/01\/logo_CeGe-1.svg\",\"contentUrl\":\"https:\/\/cegeglobal.com\/wp-content\/uploads\/2020\/01\/logo_CeGe-1.svg\",\"width\":285.86,\"height\":77.69,\"caption\":\"CeGeGlobal\"},\"image\":{\"@id\":\"https:\/\/cegeglobal.com\/en\/#\/schema\/logo\/image\/\"}}]}<\/script>\n<!-- \/ Yoast SEO plugin. -->","yoast_head_json":{"title":"Privacy Policy - CeGeGlobal","robots":{"index":"index","follow":"follow","max-snippet":"max-snippet:-1","max-image-preview":"max-image-preview:large","max-video-preview":"max-video-preview:-1"},"canonical":"https:\/\/cegeglobal.com\/en\/privacy-policy\/","og_locale":"en_US","og_type":"article","og_title":"Privacy Policy - CeGeGlobal","og_description":"Pol\u00edtica de Privacidad \u00daltima modificaci\u00f3n: 29\/07\/2020 De acuerdo con la normativa vigente en Protecci\u00f3n de Datos de Car\u00e1cter Personal y, en particular, en aplicaci\u00f3n del Reglamento 2016\/679 relativo a la protecci\u00f3n de las personas f\u00edsicas en lo que respecta al tratamiento de datos personales, le informamos que sus datos ser\u00e1n tratados por Cege Barcelona, c\/Ciutat [&hellip;]","og_url":"https:\/\/cegeglobal.com\/en\/privacy-policy\/","og_site_name":"CeGeGlobal","article_modified_time":"2020-08-06T13:46:33+00:00","twitter_card":"summary_large_image","twitter_misc":{"Est. reading time":"2 minutes"},"schema":{"@context":"https:\/\/schema.org","@graph":[{"@type":"WebPage","@id":"https:\/\/cegeglobal.com\/en\/privacy-policy\/","url":"https:\/\/cegeglobal.com\/en\/privacy-policy\/","name":"Privacy Policy - CeGeGlobal","isPartOf":{"@id":"https:\/\/cegeglobal.com\/en\/#website"},"datePublished":"2020-08-06T13:46:32+00:00","dateModified":"2020-08-06T13:46:33+00:00","breadcrumb":{"@id":"https:\/\/cegeglobal.com\/en\/privacy-policy\/#breadcrumb"},"inLanguage":"en-US","potentialAction":[{"@type":"ReadAction","target":["https:\/\/cegeglobal.com\/en\/privacy-policy\/"]}]},{"@type":"BreadcrumbList","@id":"https:\/\/cegeglobal.com\/en\/privacy-policy\/#breadcrumb","itemListElement":[{"@type":"ListItem","position":1,"name":"Home","item":"https:\/\/cegeglobal.com\/en\/home\/"},{"@type":"ListItem","position":2,"name":"Privacy Policy"}]},{"@type":"WebSite","@id":"https:\/\/cegeglobal.com\/en\/#website","url":"https:\/\/cegeglobal.com\/en\/","name":"CeGeGlobal","description":"Soluciones integrales para departamentos de marketing y ventas","publisher":{"@id":"https:\/\/cegeglobal.com\/en\/#organization"},"potentialAction":[{"@type":"SearchAction","target":{"@type":"EntryPoint","urlTemplate":"https:\/\/cegeglobal.com\/en\/?s={search_term_string}"},"query-input":{"@type":"PropertyValueSpecification","valueRequired":true,"valueName":"search_term_string"}}],"inLanguage":"en-US"},{"@type":"Organization","@id":"https:\/\/cegeglobal.com\/en\/#organization","name":"CeGeGlobal","url":"https:\/\/cegeglobal.com\/en\/","logo":{"@type":"ImageObject","inLanguage":"en-US","@id":"https:\/\/cegeglobal.com\/en\/#\/schema\/logo\/image\/","url":"https:\/\/cegeglobal.com\/wp-content\/uploads\/2020\/01\/logo_CeGe-1.svg","contentUrl":"https:\/\/cegeglobal.com\/wp-content\/uploads\/2020\/01\/logo_CeGe-1.svg","width":285.86,"height":77.69,"caption":"CeGeGlobal"},"image":{"@id":"https:\/\/cegeglobal.com\/en\/#\/schema\/logo\/image\/"}}]}},"_links":{"self":[{"href":"https:\/\/cegeglobal.com\/en\/wp-json\/wp\/v2\/pages\/12349","targetHints":{"allow":["GET"]}}],"collection":[{"href":"https:\/\/cegeglobal.com\/en\/wp-json\/wp\/v2\/pages"}],"about":[{"href":"https:\/\/cegeglobal.com\/en\/wp-json\/wp\/v2\/types\/page"}],"author":[{"embeddable":true,"href":"https:\/\/cegeglobal.com\/en\/wp-json\/wp\/v2\/users\/3"}],"replies":[{"embeddable":true,"href":"https:\/\/cegeglobal.com\/en\/wp-json\/wp\/v2\/comments?post=12349"}],"version-history":[{"count":0,"href":"https:\/\/cegeglobal.com\/en\/wp-json\/wp\/v2\/pages\/12349\/revisions"}],"wp:attachment":[{"href":"https:\/\/cegeglobal.com\/en\/wp-json\/wp\/v2\/media?parent=12349"}],"curies":[{"name":"wp","href":"https:\/\/api.w.org\/{rel}","templated":true}]}}