{"id":12352,"date":"2020-08-06T16:33:48","date_gmt":"2020-08-06T14:33:48","guid":{"rendered":"https:\/\/cegeglobal.com\/politique-de-confidentialite-2\/"},"modified":"2020-08-06T16:57:21","modified_gmt":"2020-08-06T14:57:21","slug":"politique-de-confidentialite","status":"publish","type":"page","link":"https:\/\/cegeglobal.com\/fr\/politique-de-confidentialite\/","title":{"rendered":"Politique de confidentialit\u00e9"},"content":{"rendered":"\t\t<div data-elementor-type=\"wp-page\" data-elementor-id=\"12352\" class=\"elementor elementor-12352 elementor-12340\" data-elementor-post-type=\"page\">\n\t\t\t\t\t\t<section class=\"elementor-section elementor-top-section elementor-element elementor-element-9f585ac elementor-section-boxed elementor-section-height-default elementor-section-height-default\" data-id=\"9f585ac\" data-element_type=\"section\" data-settings=\"{&quot;jet_parallax_layout_list&quot;:[{&quot;jet_parallax_layout_image&quot;:{&quot;url&quot;:&quot;&quot;,&quot;id&quot;:&quot;&quot;,&quot;size&quot;:&quot;&quot;},&quot;_id&quot;:&quot;45f6fc8&quot;,&quot;jet_parallax_layout_image_tablet&quot;:{&quot;url&quot;:&quot;&quot;,&quot;id&quot;:&quot;&quot;,&quot;size&quot;:&quot;&quot;},&quot;jet_parallax_layout_image_mobile&quot;:{&quot;url&quot;:&quot;&quot;,&quot;id&quot;:&quot;&quot;,&quot;size&quot;:&quot;&quot;},&quot;jet_parallax_layout_speed&quot;:{&quot;unit&quot;:&quot;%&quot;,&quot;size&quot;:50,&quot;sizes&quot;:[]},&quot;jet_parallax_layout_type&quot;:&quot;scroll&quot;,&quot;jet_parallax_layout_direction&quot;:&quot;1&quot;,&quot;jet_parallax_layout_fx_direction&quot;:null,&quot;jet_parallax_layout_z_index&quot;:&quot;&quot;,&quot;jet_parallax_layout_bg_x&quot;:50,&quot;jet_parallax_layout_bg_y&quot;:50,&quot;jet_parallax_layout_bg_size&quot;:&quot;auto&quot;,&quot;jet_parallax_layout_animation_prop&quot;:&quot;transform&quot;,&quot;jet_parallax_layout_on&quot;:[&quot;desktop&quot;,&quot;tablet&quot;],&quot;jet_parallax_layout_bg_x_tablet&quot;:&quot;&quot;,&quot;jet_parallax_layout_bg_x_mobile&quot;:&quot;&quot;,&quot;jet_parallax_layout_bg_y_tablet&quot;:&quot;&quot;,&quot;jet_parallax_layout_bg_y_mobile&quot;:&quot;&quot;,&quot;jet_parallax_layout_bg_size_tablet&quot;:&quot;&quot;,&quot;jet_parallax_layout_bg_size_mobile&quot;:&quot;&quot;}]}\">\n\t\t\t\t\t\t<div class=\"elementor-container elementor-column-gap-default\">\n\t\t\t\t\t<div class=\"elementor-column elementor-col-100 elementor-top-column elementor-element elementor-element-090f451\" data-id=\"090f451\" data-element_type=\"column\">\n\t\t\t<div class=\"elementor-widget-wrap elementor-element-populated\">\n\t\t\t\t\t\t<div class=\"elementor-element elementor-element-fe11b28 elementor-widget elementor-widget-spacer\" data-id=\"fe11b28\" data-element_type=\"widget\" data-widget_type=\"spacer.default\">\n\t\t\t\t<div class=\"elementor-widget-container\">\n\t\t\t\t\t\t\t<div class=\"elementor-spacer\">\n\t\t\t<div class=\"elementor-spacer-inner\"><\/div>\n\t\t<\/div>\n\t\t\t\t\t\t<\/div>\n\t\t\t\t<\/div>\n\t\t\t\t<div class=\"elementor-element elementor-element-968d950 elementor-widget elementor-widget-heading\" data-id=\"968d950\" data-element_type=\"widget\" data-widget_type=\"heading.default\">\n\t\t\t\t<div class=\"elementor-widget-container\">\n\t\t\t\t\t<h2 class=\"elementor-heading-title elementor-size-default\">Politique de confidentialit\u00e9<\/h2>\t\t\t\t<\/div>\n\t\t\t\t<\/div>\n\t\t\t\t<div class=\"elementor-element elementor-element-da1243b elementor-widget elementor-widget-spacer\" data-id=\"da1243b\" data-element_type=\"widget\" data-widget_type=\"spacer.default\">\n\t\t\t\t<div class=\"elementor-widget-container\">\n\t\t\t\t\t\t\t<div class=\"elementor-spacer\">\n\t\t\t<div class=\"elementor-spacer-inner\"><\/div>\n\t\t<\/div>\n\t\t\t\t\t\t<\/div>\n\t\t\t\t<\/div>\n\t\t\t\t<div class=\"elementor-element elementor-element-67ff432 elementor-widget elementor-widget-text-editor\" data-id=\"67ff432\" data-element_type=\"widget\" data-widget_type=\"text-editor.default\">\n\t\t\t\t<div class=\"elementor-widget-container\">\n\t\t\t\t\t\t\t\t\t<p style=\"text-align: right;\">Derni\u00e8re modification: <strong>29\/07\/2020<\/strong><\/p>\n<p>Conform\u00e9ment \u00e0 la r\u00e9glementation en vigueur sur la protection des donn\u00e9es \u00e0 caract\u00e8re personnel et, notamment, en application du r\u00e8glement 2016\/679 sur la protection des personnes physiques \u00e0 l&rsquo;\u00e9gard du traitement des donn\u00e9es personnelles, nous vous informons que vos donn\u00e9es seront trait\u00e9es par Cege Barcelone, c\/Ciutat d&rsquo;Asunci\u00f3, 42 (08030 Barcelone) qui agira en tant que responsable de traitement.<\/p>\n<p>La base juridique qui nous permet de traiter vos donn\u00e9es personnelles est le consentement que vous nous exprimez en acceptant la pr\u00e9sente politique de confidentialit\u00e9. Nous ne collecterons que des informations de contact de base afin de mener \u00e0 bien notre relation commerciale. Nous nous r\u00e9f\u00e9rons, par exemple, \u00e0 votre nom, votre adresse e-mail, votre t\u00e9l\u00e9phone, etc. Nous traiterons vos donn\u00e9es dans le seul but de communiquer avec vous concernant nos produits, services et activit\u00e9s commerciales.   <\/p>\n<p>En g\u00e9n\u00e9ral, nous ne partagerons vos informations personnelles avec personne. Cependant, nous ferons appel \u00e0 des fournisseurs qui auront besoin d&rsquo;acc\u00e9der \u00e0 vos donn\u00e9es personnelles pour nous fournir certains services de temps en temps. Nous nous r\u00e9f\u00e9rons, par exemple, aux soci\u00e9t\u00e9s de <g id=\"gid_0\">mailing<\/g>, d&rsquo;h\u00e9bergement de donn\u00e9es, etc. Nous nous efforcerons toujours d&rsquo;obtenir la confirmation que ces fournisseurs traitent correctement vos donn\u00e9es. En acceptant la pr\u00e9sente politique de confidentialit\u00e9, vous nous autorisez le transfert international de vos donn\u00e9es personnelles \u00e0 certains de ces fournisseurs.    <\/p>\n<p>Nous reconnaissons vos droits d&rsquo;acc\u00e8s, de rectification, de suppression, de limitation de traitement, de portabilit\u00e9 et d&rsquo;opposition par rapport \u00e0 vos donn\u00e9es personnelles. Vous pouvez les exercer en nous contactant \u00e0 <g id=\"gid_0\">info@cege.es<\/g>. Dans certains pays, des autorit\u00e9s publiques garantissent le respect du droit \u00e0 la protection des donn\u00e9es. Si vous pensez que vos droits ont \u00e9t\u00e9 viol\u00e9s et si votre pays reconna\u00eet cette option, n&rsquo;oubliez pas que vous pouvez d\u00e9poser une r\u00e9clamation aupr\u00e8s de ces autorit\u00e9s. Dans le cas de l&rsquo;Espagne, l&rsquo;autorit\u00e9 de contr\u00f4le est l&rsquo;Agence espagnole de protection des donn\u00e9es.    <\/p>\n<p>Une fois votre relation avec nous termin\u00e9e, nous conserverons vos informations personnelles pendant les 2 prochaines ann\u00e9es, d\u00fbment bloqu\u00e9es. Une fois cette p\u00e9riode \u00e9coul\u00e9e, nous les supprimerons de nos archives. <\/p>\n<p>Vos donn\u00e9es sont h\u00e9berg\u00e9es sur des serveurs s\u00e9curis\u00e9s. Nous appliquons des mesures techniques et physiques pour prot\u00e9ger vos informations. Dans le cas o\u00f9 nous subissons une faille de s\u00e9curit\u00e9 et vos informations sont compromises, nous vous en informerons dans moins de 72 heures.  <\/p>\n<p>Dans le cas de modification de la pr\u00e9sente politique de confidentialit\u00e9, nous communiquerons les modifications via notre site Web ou par e-mail.<\/p>\n\t\t\t\t\t\t\t\t<\/div>\n\t\t\t\t<\/div>\n\t\t\t\t<div class=\"elementor-element elementor-element-c17168f elementor-widget elementor-widget-spacer\" data-id=\"c17168f\" data-element_type=\"widget\" data-widget_type=\"spacer.default\">\n\t\t\t\t<div class=\"elementor-widget-container\">\n\t\t\t\t\t\t\t<div class=\"elementor-spacer\">\n\t\t\t<div class=\"elementor-spacer-inner\"><\/div>\n\t\t<\/div>\n\t\t\t\t\t\t<\/div>\n\t\t\t\t<\/div>\n\t\t\t\t\t<\/div>\n\t\t<\/div>\n\t\t\t\t\t<\/div>\n\t\t<\/section>\n\t\t\t\t<\/div>\n\t\t","protected":false},"excerpt":{"rendered":"<p>Politique de confidentialit\u00e9 Derni\u00e8re modification: 29\/07\/2020 Conform\u00e9ment \u00e0 la r\u00e9glementation en vigueur sur la protection des donn\u00e9es \u00e0 caract\u00e8re personnel et, notamment, en application du r\u00e8glement 2016\/679 sur la protection des personnes physiques \u00e0 l&rsquo;\u00e9gard du traitement des donn\u00e9es personnelles, nous vous informons que vos donn\u00e9es seront trait\u00e9es par Cege Barcelone, c\/Ciutat d&rsquo;Asunci\u00f3, 42 (08030 [&hellip;]<\/p>\n","protected":false},"author":3,"featured_media":0,"parent":0,"menu_order":0,"comment_status":"closed","ping_status":"closed","template":"","meta":{"_acf_changed":false,"content-type":"","footnotes":""},"class_list":["post-12352","page","type-page","status-publish","hentry"],"acf":[],"yoast_head":"<!-- This site is optimized with the Yoast SEO plugin v26.8 - https:\/\/yoast.com\/product\/yoast-seo-wordpress\/ -->\n<title>Politique de confidentialit\u00e9 - CeGeGlobal<\/title>\n<meta name=\"robots\" content=\"index, follow, max-snippet:-1, max-image-preview:large, max-video-preview:-1\" \/>\n<link rel=\"canonical\" href=\"https:\/\/cegeglobal.com\/fr\/politique-de-confidentialite\/\" \/>\n<meta property=\"og:locale\" content=\"fr_FR\" \/>\n<meta property=\"og:type\" content=\"article\" \/>\n<meta property=\"og:title\" content=\"Politique de confidentialit\u00e9 - CeGeGlobal\" \/>\n<meta property=\"og:description\" content=\"Politique de confidentialit\u00e9 Derni\u00e8re modification: 29\/07\/2020 Conform\u00e9ment \u00e0 la r\u00e9glementation en vigueur sur la protection des donn\u00e9es \u00e0 caract\u00e8re personnel et, notamment, en application du r\u00e8glement 2016\/679 sur la protection des personnes physiques \u00e0 l&rsquo;\u00e9gard du traitement des donn\u00e9es personnelles, nous vous informons que vos donn\u00e9es seront trait\u00e9es par Cege Barcelone, c\/Ciutat d&rsquo;Asunci\u00f3, 42 (08030 [&hellip;]\" \/>\n<meta property=\"og:url\" content=\"https:\/\/cegeglobal.com\/fr\/politique-de-confidentialite\/\" \/>\n<meta property=\"og:site_name\" content=\"CeGeGlobal\" \/>\n<meta property=\"article:modified_time\" content=\"2020-08-06T14:57:21+00:00\" \/>\n<meta name=\"twitter:card\" content=\"summary_large_image\" \/>\n<meta name=\"twitter:label1\" content=\"Dur\u00e9e de lecture estim\u00e9e\" \/>\n\t<meta name=\"twitter:data1\" content=\"2 minutes\" \/>\n<script type=\"application\/ld+json\" class=\"yoast-schema-graph\">{\"@context\":\"https:\/\/schema.org\",\"@graph\":[{\"@type\":\"WebPage\",\"@id\":\"https:\/\/cegeglobal.com\/fr\/politique-de-confidentialite\/\",\"url\":\"https:\/\/cegeglobal.com\/fr\/politique-de-confidentialite\/\",\"name\":\"Politique de confidentialit\u00e9 - CeGeGlobal\",\"isPartOf\":{\"@id\":\"https:\/\/cegeglobal.com\/fr\/#website\"},\"datePublished\":\"2020-08-06T14:33:48+00:00\",\"dateModified\":\"2020-08-06T14:57:21+00:00\",\"breadcrumb\":{\"@id\":\"https:\/\/cegeglobal.com\/fr\/politique-de-confidentialite\/#breadcrumb\"},\"inLanguage\":\"fr-FR\",\"potentialAction\":[{\"@type\":\"ReadAction\",\"target\":[\"https:\/\/cegeglobal.com\/fr\/politique-de-confidentialite\/\"]}]},{\"@type\":\"BreadcrumbList\",\"@id\":\"https:\/\/cegeglobal.com\/fr\/politique-de-confidentialite\/#breadcrumb\",\"itemListElement\":[{\"@type\":\"ListItem\",\"position\":1,\"name\":\"Home\",\"item\":\"https:\/\/cegeglobal.com\/fr\/home\/\"},{\"@type\":\"ListItem\",\"position\":2,\"name\":\"Politique de confidentialit\u00e9\"}]},{\"@type\":\"WebSite\",\"@id\":\"https:\/\/cegeglobal.com\/fr\/#website\",\"url\":\"https:\/\/cegeglobal.com\/fr\/\",\"name\":\"CeGeGlobal\",\"description\":\"Soluciones integrales para departamentos de marketing y ventas\",\"publisher\":{\"@id\":\"https:\/\/cegeglobal.com\/fr\/#organization\"},\"potentialAction\":[{\"@type\":\"SearchAction\",\"target\":{\"@type\":\"EntryPoint\",\"urlTemplate\":\"https:\/\/cegeglobal.com\/fr\/?s={search_term_string}\"},\"query-input\":{\"@type\":\"PropertyValueSpecification\",\"valueRequired\":true,\"valueName\":\"search_term_string\"}}],\"inLanguage\":\"fr-FR\"},{\"@type\":\"Organization\",\"@id\":\"https:\/\/cegeglobal.com\/fr\/#organization\",\"name\":\"CeGeGlobal\",\"url\":\"https:\/\/cegeglobal.com\/fr\/\",\"logo\":{\"@type\":\"ImageObject\",\"inLanguage\":\"fr-FR\",\"@id\":\"https:\/\/cegeglobal.com\/fr\/#\/schema\/logo\/image\/\",\"url\":\"https:\/\/cegeglobal.com\/wp-content\/uploads\/2020\/01\/logo_CeGe-1.svg\",\"contentUrl\":\"https:\/\/cegeglobal.com\/wp-content\/uploads\/2020\/01\/logo_CeGe-1.svg\",\"width\":285.86,\"height\":77.69,\"caption\":\"CeGeGlobal\"},\"image\":{\"@id\":\"https:\/\/cegeglobal.com\/fr\/#\/schema\/logo\/image\/\"}}]}<\/script>\n<!-- \/ Yoast SEO plugin. -->","yoast_head_json":{"title":"Politique de confidentialit\u00e9 - CeGeGlobal","robots":{"index":"index","follow":"follow","max-snippet":"max-snippet:-1","max-image-preview":"max-image-preview:large","max-video-preview":"max-video-preview:-1"},"canonical":"https:\/\/cegeglobal.com\/fr\/politique-de-confidentialite\/","og_locale":"fr_FR","og_type":"article","og_title":"Politique de confidentialit\u00e9 - CeGeGlobal","og_description":"Politique de confidentialit\u00e9 Derni\u00e8re modification: 29\/07\/2020 Conform\u00e9ment \u00e0 la r\u00e9glementation en vigueur sur la protection des donn\u00e9es \u00e0 caract\u00e8re personnel et, notamment, en application du r\u00e8glement 2016\/679 sur la protection des personnes physiques \u00e0 l&rsquo;\u00e9gard du traitement des donn\u00e9es personnelles, nous vous informons que vos donn\u00e9es seront trait\u00e9es par Cege Barcelone, c\/Ciutat d&rsquo;Asunci\u00f3, 42 (08030 [&hellip;]","og_url":"https:\/\/cegeglobal.com\/fr\/politique-de-confidentialite\/","og_site_name":"CeGeGlobal","article_modified_time":"2020-08-06T14:57:21+00:00","twitter_card":"summary_large_image","twitter_misc":{"Dur\u00e9e de lecture estim\u00e9e":"2 minutes"},"schema":{"@context":"https:\/\/schema.org","@graph":[{"@type":"WebPage","@id":"https:\/\/cegeglobal.com\/fr\/politique-de-confidentialite\/","url":"https:\/\/cegeglobal.com\/fr\/politique-de-confidentialite\/","name":"Politique de confidentialit\u00e9 - CeGeGlobal","isPartOf":{"@id":"https:\/\/cegeglobal.com\/fr\/#website"},"datePublished":"2020-08-06T14:33:48+00:00","dateModified":"2020-08-06T14:57:21+00:00","breadcrumb":{"@id":"https:\/\/cegeglobal.com\/fr\/politique-de-confidentialite\/#breadcrumb"},"inLanguage":"fr-FR","potentialAction":[{"@type":"ReadAction","target":["https:\/\/cegeglobal.com\/fr\/politique-de-confidentialite\/"]}]},{"@type":"BreadcrumbList","@id":"https:\/\/cegeglobal.com\/fr\/politique-de-confidentialite\/#breadcrumb","itemListElement":[{"@type":"ListItem","position":1,"name":"Home","item":"https:\/\/cegeglobal.com\/fr\/home\/"},{"@type":"ListItem","position":2,"name":"Politique de confidentialit\u00e9"}]},{"@type":"WebSite","@id":"https:\/\/cegeglobal.com\/fr\/#website","url":"https:\/\/cegeglobal.com\/fr\/","name":"CeGeGlobal","description":"Soluciones integrales para departamentos de marketing y ventas","publisher":{"@id":"https:\/\/cegeglobal.com\/fr\/#organization"},"potentialAction":[{"@type":"SearchAction","target":{"@type":"EntryPoint","urlTemplate":"https:\/\/cegeglobal.com\/fr\/?s={search_term_string}"},"query-input":{"@type":"PropertyValueSpecification","valueRequired":true,"valueName":"search_term_string"}}],"inLanguage":"fr-FR"},{"@type":"Organization","@id":"https:\/\/cegeglobal.com\/fr\/#organization","name":"CeGeGlobal","url":"https:\/\/cegeglobal.com\/fr\/","logo":{"@type":"ImageObject","inLanguage":"fr-FR","@id":"https:\/\/cegeglobal.com\/fr\/#\/schema\/logo\/image\/","url":"https:\/\/cegeglobal.com\/wp-content\/uploads\/2020\/01\/logo_CeGe-1.svg","contentUrl":"https:\/\/cegeglobal.com\/wp-content\/uploads\/2020\/01\/logo_CeGe-1.svg","width":285.86,"height":77.69,"caption":"CeGeGlobal"},"image":{"@id":"https:\/\/cegeglobal.com\/fr\/#\/schema\/logo\/image\/"}}]}},"_links":{"self":[{"href":"https:\/\/cegeglobal.com\/fr\/wp-json\/wp\/v2\/pages\/12352","targetHints":{"allow":["GET"]}}],"collection":[{"href":"https:\/\/cegeglobal.com\/fr\/wp-json\/wp\/v2\/pages"}],"about":[{"href":"https:\/\/cegeglobal.com\/fr\/wp-json\/wp\/v2\/types\/page"}],"author":[{"embeddable":true,"href":"https:\/\/cegeglobal.com\/fr\/wp-json\/wp\/v2\/users\/3"}],"replies":[{"embeddable":true,"href":"https:\/\/cegeglobal.com\/fr\/wp-json\/wp\/v2\/comments?post=12352"}],"version-history":[{"count":0,"href":"https:\/\/cegeglobal.com\/fr\/wp-json\/wp\/v2\/pages\/12352\/revisions"}],"wp:attachment":[{"href":"https:\/\/cegeglobal.com\/fr\/wp-json\/wp\/v2\/media?parent=12352"}],"curies":[{"name":"wp","href":"https:\/\/api.w.org\/{rel}","templated":true}]}}