{"id":6556,"date":"2020-05-11T14:58:35","date_gmt":"2020-05-11T14:58:35","guid":{"rendered":"https:\/\/cegeglobal.com\/avis-legal\/"},"modified":"2023-02-01T13:19:01","modified_gmt":"2023-02-01T12:19:01","slug":"avis-legal","status":"publish","type":"page","link":"https:\/\/cegeglobal.com\/fr\/avis-legal\/","title":{"rendered":"Avis l\u00e9gal"},"content":{"rendered":"\t\t<div data-elementor-type=\"wp-page\" data-elementor-id=\"6556\" class=\"elementor elementor-6556 elementor-807\" data-elementor-post-type=\"page\">\n\t\t\t\t\t\t<section class=\"elementor-section elementor-top-section elementor-element elementor-element-c444458 elementor-section-height-min-height elementor-section-boxed elementor-section-height-default elementor-section-items-middle\" data-id=\"c444458\" data-element_type=\"section\" data-settings=\"{&quot;jet_parallax_layout_list&quot;:[{&quot;jet_parallax_layout_image&quot;:{&quot;url&quot;:&quot;&quot;,&quot;id&quot;:&quot;&quot;,&quot;size&quot;:&quot;&quot;},&quot;_id&quot;:&quot;d03af59&quot;,&quot;jet_parallax_layout_image_tablet&quot;:{&quot;url&quot;:&quot;&quot;,&quot;id&quot;:&quot;&quot;,&quot;size&quot;:&quot;&quot;},&quot;jet_parallax_layout_image_mobile&quot;:{&quot;url&quot;:&quot;&quot;,&quot;id&quot;:&quot;&quot;,&quot;size&quot;:&quot;&quot;},&quot;jet_parallax_layout_speed&quot;:{&quot;unit&quot;:&quot;%&quot;,&quot;size&quot;:50,&quot;sizes&quot;:[]},&quot;jet_parallax_layout_type&quot;:&quot;scroll&quot;,&quot;jet_parallax_layout_direction&quot;:&quot;1&quot;,&quot;jet_parallax_layout_fx_direction&quot;:null,&quot;jet_parallax_layout_z_index&quot;:&quot;&quot;,&quot;jet_parallax_layout_bg_x&quot;:50,&quot;jet_parallax_layout_bg_x_tablet&quot;:&quot;&quot;,&quot;jet_parallax_layout_bg_x_mobile&quot;:&quot;&quot;,&quot;jet_parallax_layout_bg_y&quot;:50,&quot;jet_parallax_layout_bg_y_tablet&quot;:&quot;&quot;,&quot;jet_parallax_layout_bg_y_mobile&quot;:&quot;&quot;,&quot;jet_parallax_layout_bg_size&quot;:&quot;auto&quot;,&quot;jet_parallax_layout_bg_size_tablet&quot;:&quot;&quot;,&quot;jet_parallax_layout_bg_size_mobile&quot;:&quot;&quot;,&quot;jet_parallax_layout_animation_prop&quot;:&quot;transform&quot;,&quot;jet_parallax_layout_on&quot;:[&quot;desktop&quot;,&quot;tablet&quot;]}],&quot;background_background&quot;:&quot;classic&quot;}\">\n\t\t\t\t\t\t<div class=\"elementor-container elementor-column-gap-no\">\n\t\t\t\t\t<div class=\"elementor-column elementor-col-100 elementor-top-column elementor-element elementor-element-698fba3\" data-id=\"698fba3\" data-element_type=\"column\">\n\t\t\t<div class=\"elementor-widget-wrap\">\n\t\t\t\t\t\t\t<\/div>\n\t\t<\/div>\n\t\t\t\t\t<\/div>\n\t\t<\/section>\n\t\t\t\t<section class=\"elementor-section elementor-top-section elementor-element elementor-element-e27c85b elementor-section-boxed elementor-section-height-default elementor-section-height-default\" data-id=\"e27c85b\" data-element_type=\"section\" data-settings=\"{&quot;jet_parallax_layout_list&quot;:[{&quot;jet_parallax_layout_image&quot;:{&quot;url&quot;:&quot;&quot;,&quot;id&quot;:&quot;&quot;,&quot;size&quot;:&quot;&quot;},&quot;_id&quot;:&quot;4a7c775&quot;,&quot;jet_parallax_layout_image_tablet&quot;:{&quot;url&quot;:&quot;&quot;,&quot;id&quot;:&quot;&quot;,&quot;size&quot;:&quot;&quot;},&quot;jet_parallax_layout_image_mobile&quot;:{&quot;url&quot;:&quot;&quot;,&quot;id&quot;:&quot;&quot;,&quot;size&quot;:&quot;&quot;},&quot;jet_parallax_layout_speed&quot;:{&quot;unit&quot;:&quot;%&quot;,&quot;size&quot;:50,&quot;sizes&quot;:[]},&quot;jet_parallax_layout_type&quot;:&quot;scroll&quot;,&quot;jet_parallax_layout_direction&quot;:&quot;1&quot;,&quot;jet_parallax_layout_fx_direction&quot;:null,&quot;jet_parallax_layout_z_index&quot;:&quot;&quot;,&quot;jet_parallax_layout_bg_x&quot;:50,&quot;jet_parallax_layout_bg_x_tablet&quot;:&quot;&quot;,&quot;jet_parallax_layout_bg_x_mobile&quot;:&quot;&quot;,&quot;jet_parallax_layout_bg_y&quot;:50,&quot;jet_parallax_layout_bg_y_tablet&quot;:&quot;&quot;,&quot;jet_parallax_layout_bg_y_mobile&quot;:&quot;&quot;,&quot;jet_parallax_layout_bg_size&quot;:&quot;auto&quot;,&quot;jet_parallax_layout_bg_size_tablet&quot;:&quot;&quot;,&quot;jet_parallax_layout_bg_size_mobile&quot;:&quot;&quot;,&quot;jet_parallax_layout_animation_prop&quot;:&quot;transform&quot;,&quot;jet_parallax_layout_on&quot;:[&quot;desktop&quot;,&quot;tablet&quot;]}]}\">\n\t\t\t\t\t\t<div class=\"elementor-container elementor-column-gap-default\">\n\t\t\t\t\t<div class=\"elementor-column elementor-col-100 elementor-top-column elementor-element elementor-element-ba15f91\" data-id=\"ba15f91\" data-element_type=\"column\">\n\t\t\t<div class=\"elementor-widget-wrap elementor-element-populated\">\n\t\t\t\t\t\t<div class=\"elementor-element elementor-element-1da5af1 elementor-widget elementor-widget-text-editor\" data-id=\"1da5af1\" data-element_type=\"widget\" data-widget_type=\"text-editor.default\">\n\t\t\t\t<div class=\"elementor-widget-container\">\n\t\t\t\t\t\t\t\t\t<h1>Avis Juridique<\/h1>\t\t\t\t\t\t\t\t<\/div>\n\t\t\t\t<\/div>\n\t\t\t\t<div class=\"elementor-element elementor-element-46dd5f7 elementor-widget elementor-widget-spacer\" data-id=\"46dd5f7\" data-element_type=\"widget\" data-widget_type=\"spacer.default\">\n\t\t\t\t<div class=\"elementor-widget-container\">\n\t\t\t\t\t\t\t<div class=\"elementor-spacer\">\n\t\t\t<div class=\"elementor-spacer-inner\"><\/div>\n\t\t<\/div>\n\t\t\t\t\t\t<\/div>\n\t\t\t\t<\/div>\n\t\t\t\t<div class=\"elementor-element elementor-element-1957b95 elementor-widget elementor-widget-text-editor\" data-id=\"1957b95\" data-element_type=\"widget\" data-widget_type=\"text-editor.default\">\n\t\t\t\t<div class=\"elementor-widget-container\">\n\t\t\t\t\t\t\t\t\t<p><strong> <\/strong><strong>CeGe<\/strong> est le propri\u00e9taire et le gestionnaire du site web. Vous pouvez nous contacter en envoyant un courriel \u00e0 info@cegeglobal.com. <\/p>\n<p><strong>CeGe<\/strong> vous informe que si vous naviguez sur le site <strong>cegeglobal.com<\/strong>, vous acqu\u00e9rez d\u00e8s le premier instant la qualit\u00e9 d&rsquo;utilisateur et vous devez utiliser ce site conform\u00e9ment \u00e0 la r\u00e9glementation applicable aux services de la soci\u00e9t\u00e9 de l&rsquo;information et au commerce \u00e9lectronique (Loi 34\/2002 LSSI-CE).<\/p>\n<p>Pour entrer en contact \u00e0 travers ce site web, l&rsquo;utilisateur accepte express\u00e9ment et pleinement les conditions d&rsquo;utilisation suivantes et la <a href=\"https:\/\/cegeglobal.com\/fr\/politique-de-confidentialite\/\">politique de confidentialit\u00e9<\/a> et de <a href=\"https:\/\/cegeglobal.com\/declaracion-de-cookies\/\">cookies<\/a> en relation avec la finalit\u00e9 du traitement des donn\u00e9es qu&rsquo;il d\u00e9cide de nous fournir.<\/p>\n\t\t\t\t\t\t\t\t<\/div>\n\t\t\t\t<\/div>\n\t\t\t\t<div class=\"elementor-element elementor-element-5cbd78a elementor-widget elementor-widget-spacer\" data-id=\"5cbd78a\" data-element_type=\"widget\" data-widget_type=\"spacer.default\">\n\t\t\t\t<div class=\"elementor-widget-container\">\n\t\t\t\t\t\t\t<div class=\"elementor-spacer\">\n\t\t\t<div class=\"elementor-spacer-inner\"><\/div>\n\t\t<\/div>\n\t\t\t\t\t\t<\/div>\n\t\t\t\t<\/div>\n\t\t\t\t<div class=\"elementor-element elementor-element-a7d92fe elementor-widget elementor-widget-text-editor\" data-id=\"a7d92fe\" data-element_type=\"widget\" data-widget_type=\"text-editor.default\">\n\t\t\t\t<div class=\"elementor-widget-container\">\n\t\t\t\t\t\t\t\t\t<h2>Conditions d&rsquo;utilisation<\/h2>\n<p>L&rsquo;acc\u00e8s et l&rsquo;utilisation du site <strong>cegeglobal.com<\/strong> sont r\u00e9gis par et soumis aux pr\u00e9sentes conditions g\u00e9n\u00e9rales. Ainsi, l&rsquo;acc\u00e8s et l&rsquo;utilisation de la page web de <strong>cegeglobal.com<\/strong> impliquent l&rsquo;acceptation pleine et sans r\u00e9serve des pr\u00e9sentes \u00ab\u00a0Conditions G\u00e9n\u00e9rales\u00a0\u00bb et de toutes les lois applicables, et l&rsquo;utilisateur doit donc les lire attentivement. <\/p>\n<p>Les pages et le contenu peuvent contenir des erreurs, des inexactitudes ou des omissions. Dans ce cas, veuillez nous en informer d\u00e8s que possible afin que nous puissions apporter les modifications n\u00e9cessaires. <\/p>\n\t\t\t\t\t\t\t\t<\/div>\n\t\t\t\t<\/div>\n\t\t\t\t<div class=\"elementor-element elementor-element-0b9d18a elementor-widget elementor-widget-text-editor\" data-id=\"0b9d18a\" data-element_type=\"widget\" data-widget_type=\"text-editor.default\">\n\t\t\t\t<div class=\"elementor-widget-container\">\n\t\t\t\t\t\t\t\t\t<h3>Conditions g\u00e9n\u00e9rales<\/h3>\n<ol>\n<li><strong>CeGe<\/strong> ofrece sur son site web des informations relatives au type d&rsquo;activit\u00e9, aux produits et aux services qu&rsquo;elle commercialise.<\/li>\n<li><strong>CeGe<\/strong> se r\u00e9serve le droit de modifier, mettre \u00e0 jour ou supprimer l&rsquo;acc\u00e8s au site web, ainsi que les Conditions g\u00e9n\u00e9rales, \u00e0 tout moment et sans pr\u00e9avis. Ces modifications et mises \u00e0 jour affectent l&rsquo;utilisateur dans le sens o\u00f9 il doit se r\u00e9f\u00e9rer \u00e0 cette section pour v\u00e9rifier les conditions g\u00e9n\u00e9rales en vigueur. <\/li>\n<li>Les photographies, textes, dessins, signes distinctifs, images, s\u00e9quences anim\u00e9es sonores ou non, vid\u00e9os, ainsi que toutes \u0153uvres int\u00e9gr\u00e9es dans le site sont la propri\u00e9t\u00e9 de CeGe ou de tiers ayant autoris\u00e9 <strong>CeGe<\/strong> \u00e0 les utiliser.<\/li>\n<li><strong>CeGe<\/strong>CeGe vous autorise \u00e0 t\u00e9l\u00e9charger les contenus, \u00e0 copier ou \u00e0 imprimer toute page de ce site web, mais exclusivement pour un usage personnel, \u00e0 l&rsquo;exclusion de toute utilisation \u00e0 des fins publicitaires et\/ou commerciales, ou des utilisations qui ne sont pas envisag\u00e9es dans le cadre des utilisations autoris\u00e9es par les articles 31 \u00e0 40bis du Texte R\u00e9vis\u00e9 de la Loi sur la Propri\u00e9t\u00e9 Intellectuelle (D.R. Leg. 1\/1996). A condition que cela n&rsquo;enfreigne pas le droit d&rsquo;auteur ou tout autre droit de propri\u00e9t\u00e9 de <strong>CeGe<\/strong>, et que cela ne change, ne modifie ou ne supprime aucune information, aucun contenu ou aucun avertissement. La copie d&rsquo;informations ne doit pas \u00eatre interpr\u00e9t\u00e9e comme une autorisation de transf\u00e9rer les droits de propri\u00e9t\u00e9 de <strong>CeGe<\/strong> \u00e0 vous ou \u00e0 toute autre personne.  <\/li>\n<li>L&rsquo;utilisateur ne pourra, en aucun cas, modifier ou supprimer les donn\u00e9es d&rsquo;identification qui pourraient exister des droits de <strong>CeGe<\/strong> ou de tiers sur les contenus. L&rsquo;utilisateur ne pourra acc\u00e9der aux contenus qu&rsquo;\u00e0 travers les moyens ou les proc\u00e9dures qui ont \u00e9t\u00e9 mis \u00e0 disposition \u00e0 cet effet dans la page Web ou qui sont habituellement utilis\u00e9s dans Internet \u00e0 cette fin, pour autant qu&rsquo;ils n&rsquo;impliquent aucune violation des droits de propri\u00e9t\u00e9 intellectuelle ni aucun type de dommage \u00e0 la page Web <strong>cegeglobal.com<\/strong> et\/ou \u00e0 ses informations et services offerts.  <\/li>\n<li>L&rsquo;utilisateur s&rsquo;engage \u00e0 utiliser les informations et services du site <strong>cegeglobal.com<\/strong> conform\u00e9ment \u00e0 la loi, aux pr\u00e9sentes conditions g\u00e9n\u00e9rales, \u00e0 la morale, aux bonnes coutumes et \u00e0 l&rsquo;ordre public. Et de faire un usage correct et licite des services et des contenus. <\/li>\n<li><strong>CeGe<\/strong> n&rsquo;assume aucune responsabilit\u00e9 quant aux informations contenues dans les sites web de tiers auxquels on peut acc\u00e9der par des liens. La pr\u00e9sence de liens sur le site web est uniquement \u00e0 titre d&rsquo;information. Si vous d\u00e9cidez de visiter un site li\u00e9, vous le faites enti\u00e8rement \u00e0 vos risques et p\u00e9rils, et il vous incombe de prendre toutes les mesures de protection contre les virus ou autres \u00e9l\u00e9ments destructeurs.  <\/li>\n<li>Tous les commentaires, informations, suggestions et\/ou id\u00e9es re\u00e7us via cette page seront consid\u00e9r\u00e9s comme ayant \u00e9t\u00e9 fournis gratuitement \u00e0 <strong>CeGe<\/strong>. Veuillez ne pas envoyer d&rsquo;informations qui ne peuvent pas \u00eatre trait\u00e9es de cette mani\u00e8re. <\/li>\n<\/ol>\n\t\t\t\t\t\t\t\t<\/div>\n\t\t\t\t<\/div>\n\t\t\t\t<div class=\"elementor-element elementor-element-a2f467e elementor-widget elementor-widget-spacer\" data-id=\"a2f467e\" data-element_type=\"widget\" data-widget_type=\"spacer.default\">\n\t\t\t\t<div class=\"elementor-widget-container\">\n\t\t\t\t\t\t\t<div class=\"elementor-spacer\">\n\t\t\t<div class=\"elementor-spacer-inner\"><\/div>\n\t\t<\/div>\n\t\t\t\t\t\t<\/div>\n\t\t\t\t<\/div>\n\t\t\t\t<div class=\"elementor-element elementor-element-d9dd4fd elementor-widget elementor-widget-text-editor\" data-id=\"d9dd4fd\" data-element_type=\"widget\" data-widget_type=\"text-editor.default\">\n\t\t\t\t<div class=\"elementor-widget-container\">\n\t\t\t\t\t\t\t\t\t<h3>Droit applicable et juridiction<\/h3>\n<p>Les parties conviennent express\u00e9ment que le pr\u00e9sent contrat sera r\u00e9gi et interpr\u00e9t\u00e9, dans tous ses termes et conditions, conform\u00e9ment \u00e0 la l\u00e9gislation espagnole en vigueur.<\/p>\n\t\t\t\t\t\t\t\t<\/div>\n\t\t\t\t<\/div>\n\t\t\t\t<div class=\"elementor-element elementor-element-6facb3f elementor-widget elementor-widget-spacer\" data-id=\"6facb3f\" data-element_type=\"widget\" data-widget_type=\"spacer.default\">\n\t\t\t\t<div class=\"elementor-widget-container\">\n\t\t\t\t\t\t\t<div class=\"elementor-spacer\">\n\t\t\t<div class=\"elementor-spacer-inner\"><\/div>\n\t\t<\/div>\n\t\t\t\t\t\t<\/div>\n\t\t\t\t<\/div>\n\t\t\t\t\t<\/div>\n\t\t<\/div>\n\t\t\t\t\t<\/div>\n\t\t<\/section>\n\t\t\t\t<section class=\"elementor-section elementor-top-section elementor-element elementor-element-d57ac9f elementor-section-height-min-height elementor-section-boxed elementor-section-height-default elementor-section-items-middle\" data-id=\"d57ac9f\" data-element_type=\"section\" data-settings=\"{&quot;jet_parallax_layout_list&quot;:[{&quot;jet_parallax_layout_image&quot;:{&quot;url&quot;:&quot;&quot;,&quot;id&quot;:&quot;&quot;,&quot;size&quot;:&quot;&quot;},&quot;_id&quot;:&quot;d03af59&quot;,&quot;jet_parallax_layout_image_tablet&quot;:{&quot;url&quot;:&quot;&quot;,&quot;id&quot;:&quot;&quot;,&quot;size&quot;:&quot;&quot;},&quot;jet_parallax_layout_image_mobile&quot;:{&quot;url&quot;:&quot;&quot;,&quot;id&quot;:&quot;&quot;,&quot;size&quot;:&quot;&quot;},&quot;jet_parallax_layout_speed&quot;:{&quot;unit&quot;:&quot;%&quot;,&quot;size&quot;:50,&quot;sizes&quot;:[]},&quot;jet_parallax_layout_type&quot;:&quot;scroll&quot;,&quot;jet_parallax_layout_direction&quot;:&quot;1&quot;,&quot;jet_parallax_layout_fx_direction&quot;:null,&quot;jet_parallax_layout_z_index&quot;:&quot;&quot;,&quot;jet_parallax_layout_bg_x&quot;:50,&quot;jet_parallax_layout_bg_x_tablet&quot;:&quot;&quot;,&quot;jet_parallax_layout_bg_x_mobile&quot;:&quot;&quot;,&quot;jet_parallax_layout_bg_y&quot;:50,&quot;jet_parallax_layout_bg_y_tablet&quot;:&quot;&quot;,&quot;jet_parallax_layout_bg_y_mobile&quot;:&quot;&quot;,&quot;jet_parallax_layout_bg_size&quot;:&quot;auto&quot;,&quot;jet_parallax_layout_bg_size_tablet&quot;:&quot;&quot;,&quot;jet_parallax_layout_bg_size_mobile&quot;:&quot;&quot;,&quot;jet_parallax_layout_animation_prop&quot;:&quot;transform&quot;,&quot;jet_parallax_layout_on&quot;:[&quot;desktop&quot;,&quot;tablet&quot;]}],&quot;background_background&quot;:&quot;classic&quot;}\">\n\t\t\t\t\t\t<div class=\"elementor-container elementor-column-gap-no\">\n\t\t\t\t\t<div class=\"elementor-column elementor-col-100 elementor-top-column elementor-element elementor-element-5a47f11\" data-id=\"5a47f11\" data-element_type=\"column\">\n\t\t\t<div class=\"elementor-widget-wrap\">\n\t\t\t\t\t\t\t<\/div>\n\t\t<\/div>\n\t\t\t\t\t<\/div>\n\t\t<\/section>\n\t\t\t\t<\/div>\n\t\t","protected":false},"excerpt":{"rendered":"<p>Avis Juridique CeGe est le propri\u00e9taire et le gestionnaire du site web. Vous pouvez nous contacter en envoyant un courriel \u00e0 info@cegeglobal.com. CeGe vous informe que si vous naviguez sur le site cegeglobal.com, vous acqu\u00e9rez d\u00e8s le premier instant la qualit\u00e9 d&rsquo;utilisateur et vous devez utiliser ce site conform\u00e9ment \u00e0 la r\u00e9glementation applicable aux services [&hellip;]<\/p>\n","protected":false},"author":1,"featured_media":0,"parent":0,"menu_order":0,"comment_status":"closed","ping_status":"closed","template":"elementor_header_footer","meta":{"_acf_changed":false,"content-type":"","footnotes":""},"class_list":["post-6556","page","type-page","status-publish","hentry"],"acf":[],"yoast_head":"<!-- This site is optimized with the Yoast SEO plugin v26.8 - https:\/\/yoast.com\/product\/yoast-seo-wordpress\/ -->\n<title>Avis l\u00e9gal - CeGeGlobal<\/title>\n<meta name=\"robots\" content=\"index, follow, max-snippet:-1, max-image-preview:large, max-video-preview:-1\" \/>\n<link rel=\"canonical\" href=\"https:\/\/cegeglobal.com\/fr\/avis-legal\/\" \/>\n<meta property=\"og:locale\" content=\"fr_FR\" \/>\n<meta property=\"og:type\" content=\"article\" \/>\n<meta property=\"og:title\" content=\"Avis l\u00e9gal - CeGeGlobal\" \/>\n<meta property=\"og:description\" content=\"Avis Juridique CeGe est le propri\u00e9taire et le gestionnaire du site web. Vous pouvez nous contacter en envoyant un courriel \u00e0 info@cegeglobal.com. CeGe vous informe que si vous naviguez sur le site cegeglobal.com, vous acqu\u00e9rez d\u00e8s le premier instant la qualit\u00e9 d&rsquo;utilisateur et vous devez utiliser ce site conform\u00e9ment \u00e0 la r\u00e9glementation applicable aux services [&hellip;]\" \/>\n<meta property=\"og:url\" content=\"https:\/\/cegeglobal.com\/fr\/avis-legal\/\" \/>\n<meta property=\"og:site_name\" content=\"CeGeGlobal\" \/>\n<meta property=\"article:modified_time\" content=\"2023-02-01T12:19:01+00:00\" \/>\n<meta name=\"twitter:card\" content=\"summary_large_image\" \/>\n<meta name=\"twitter:label1\" content=\"Dur\u00e9e de lecture estim\u00e9e\" \/>\n\t<meta name=\"twitter:data1\" content=\"4 minutes\" \/>\n<script type=\"application\/ld+json\" class=\"yoast-schema-graph\">{\"@context\":\"https:\/\/schema.org\",\"@graph\":[{\"@type\":\"WebPage\",\"@id\":\"https:\/\/cegeglobal.com\/fr\/avis-legal\/\",\"url\":\"https:\/\/cegeglobal.com\/fr\/avis-legal\/\",\"name\":\"Avis l\u00e9gal - CeGeGlobal\",\"isPartOf\":{\"@id\":\"https:\/\/cegeglobal.com\/fr\/#website\"},\"datePublished\":\"2020-05-11T14:58:35+00:00\",\"dateModified\":\"2023-02-01T12:19:01+00:00\",\"breadcrumb\":{\"@id\":\"https:\/\/cegeglobal.com\/fr\/avis-legal\/#breadcrumb\"},\"inLanguage\":\"fr-FR\",\"potentialAction\":[{\"@type\":\"ReadAction\",\"target\":[\"https:\/\/cegeglobal.com\/fr\/avis-legal\/\"]}]},{\"@type\":\"BreadcrumbList\",\"@id\":\"https:\/\/cegeglobal.com\/fr\/avis-legal\/#breadcrumb\",\"itemListElement\":[{\"@type\":\"ListItem\",\"position\":1,\"name\":\"Home\",\"item\":\"https:\/\/cegeglobal.com\/fr\/home\/\"},{\"@type\":\"ListItem\",\"position\":2,\"name\":\"Avis l\u00e9gal\"}]},{\"@type\":\"WebSite\",\"@id\":\"https:\/\/cegeglobal.com\/fr\/#website\",\"url\":\"https:\/\/cegeglobal.com\/fr\/\",\"name\":\"CeGeGlobal\",\"description\":\"Soluciones integrales para departamentos de marketing y ventas\",\"publisher\":{\"@id\":\"https:\/\/cegeglobal.com\/fr\/#organization\"},\"potentialAction\":[{\"@type\":\"SearchAction\",\"target\":{\"@type\":\"EntryPoint\",\"urlTemplate\":\"https:\/\/cegeglobal.com\/fr\/?s={search_term_string}\"},\"query-input\":{\"@type\":\"PropertyValueSpecification\",\"valueRequired\":true,\"valueName\":\"search_term_string\"}}],\"inLanguage\":\"fr-FR\"},{\"@type\":\"Organization\",\"@id\":\"https:\/\/cegeglobal.com\/fr\/#organization\",\"name\":\"CeGeGlobal\",\"url\":\"https:\/\/cegeglobal.com\/fr\/\",\"logo\":{\"@type\":\"ImageObject\",\"inLanguage\":\"fr-FR\",\"@id\":\"https:\/\/cegeglobal.com\/fr\/#\/schema\/logo\/image\/\",\"url\":\"https:\/\/cegeglobal.com\/wp-content\/uploads\/2020\/01\/logo_CeGe-1.svg\",\"contentUrl\":\"https:\/\/cegeglobal.com\/wp-content\/uploads\/2020\/01\/logo_CeGe-1.svg\",\"width\":285.86,\"height\":77.69,\"caption\":\"CeGeGlobal\"},\"image\":{\"@id\":\"https:\/\/cegeglobal.com\/fr\/#\/schema\/logo\/image\/\"}}]}<\/script>\n<!-- \/ Yoast SEO plugin. -->","yoast_head_json":{"title":"Avis l\u00e9gal - CeGeGlobal","robots":{"index":"index","follow":"follow","max-snippet":"max-snippet:-1","max-image-preview":"max-image-preview:large","max-video-preview":"max-video-preview:-1"},"canonical":"https:\/\/cegeglobal.com\/fr\/avis-legal\/","og_locale":"fr_FR","og_type":"article","og_title":"Avis l\u00e9gal - CeGeGlobal","og_description":"Avis Juridique CeGe est le propri\u00e9taire et le gestionnaire du site web. Vous pouvez nous contacter en envoyant un courriel \u00e0 info@cegeglobal.com. CeGe vous informe que si vous naviguez sur le site cegeglobal.com, vous acqu\u00e9rez d\u00e8s le premier instant la qualit\u00e9 d&rsquo;utilisateur et vous devez utiliser ce site conform\u00e9ment \u00e0 la r\u00e9glementation applicable aux services [&hellip;]","og_url":"https:\/\/cegeglobal.com\/fr\/avis-legal\/","og_site_name":"CeGeGlobal","article_modified_time":"2023-02-01T12:19:01+00:00","twitter_card":"summary_large_image","twitter_misc":{"Dur\u00e9e de lecture estim\u00e9e":"4 minutes"},"schema":{"@context":"https:\/\/schema.org","@graph":[{"@type":"WebPage","@id":"https:\/\/cegeglobal.com\/fr\/avis-legal\/","url":"https:\/\/cegeglobal.com\/fr\/avis-legal\/","name":"Avis l\u00e9gal - CeGeGlobal","isPartOf":{"@id":"https:\/\/cegeglobal.com\/fr\/#website"},"datePublished":"2020-05-11T14:58:35+00:00","dateModified":"2023-02-01T12:19:01+00:00","breadcrumb":{"@id":"https:\/\/cegeglobal.com\/fr\/avis-legal\/#breadcrumb"},"inLanguage":"fr-FR","potentialAction":[{"@type":"ReadAction","target":["https:\/\/cegeglobal.com\/fr\/avis-legal\/"]}]},{"@type":"BreadcrumbList","@id":"https:\/\/cegeglobal.com\/fr\/avis-legal\/#breadcrumb","itemListElement":[{"@type":"ListItem","position":1,"name":"Home","item":"https:\/\/cegeglobal.com\/fr\/home\/"},{"@type":"ListItem","position":2,"name":"Avis l\u00e9gal"}]},{"@type":"WebSite","@id":"https:\/\/cegeglobal.com\/fr\/#website","url":"https:\/\/cegeglobal.com\/fr\/","name":"CeGeGlobal","description":"Soluciones integrales para departamentos de marketing y ventas","publisher":{"@id":"https:\/\/cegeglobal.com\/fr\/#organization"},"potentialAction":[{"@type":"SearchAction","target":{"@type":"EntryPoint","urlTemplate":"https:\/\/cegeglobal.com\/fr\/?s={search_term_string}"},"query-input":{"@type":"PropertyValueSpecification","valueRequired":true,"valueName":"search_term_string"}}],"inLanguage":"fr-FR"},{"@type":"Organization","@id":"https:\/\/cegeglobal.com\/fr\/#organization","name":"CeGeGlobal","url":"https:\/\/cegeglobal.com\/fr\/","logo":{"@type":"ImageObject","inLanguage":"fr-FR","@id":"https:\/\/cegeglobal.com\/fr\/#\/schema\/logo\/image\/","url":"https:\/\/cegeglobal.com\/wp-content\/uploads\/2020\/01\/logo_CeGe-1.svg","contentUrl":"https:\/\/cegeglobal.com\/wp-content\/uploads\/2020\/01\/logo_CeGe-1.svg","width":285.86,"height":77.69,"caption":"CeGeGlobal"},"image":{"@id":"https:\/\/cegeglobal.com\/fr\/#\/schema\/logo\/image\/"}}]}},"_links":{"self":[{"href":"https:\/\/cegeglobal.com\/fr\/wp-json\/wp\/v2\/pages\/6556","targetHints":{"allow":["GET"]}}],"collection":[{"href":"https:\/\/cegeglobal.com\/fr\/wp-json\/wp\/v2\/pages"}],"about":[{"href":"https:\/\/cegeglobal.com\/fr\/wp-json\/wp\/v2\/types\/page"}],"author":[{"embeddable":true,"href":"https:\/\/cegeglobal.com\/fr\/wp-json\/wp\/v2\/users\/1"}],"replies":[{"embeddable":true,"href":"https:\/\/cegeglobal.com\/fr\/wp-json\/wp\/v2\/comments?post=6556"}],"version-history":[{"count":0,"href":"https:\/\/cegeglobal.com\/fr\/wp-json\/wp\/v2\/pages\/6556\/revisions"}],"wp:attachment":[{"href":"https:\/\/cegeglobal.com\/fr\/wp-json\/wp\/v2\/media?parent=6556"}],"curies":[{"name":"wp","href":"https:\/\/api.w.org\/{rel}","templated":true}]}}